{"id":5653,"date":"2025-02-02T16:24:34","date_gmt":"2025-02-02T13:24:34","guid":{"rendered":"https:\/\/primeotel.com\/?page_id=5653"},"modified":"2025-02-02T16:40:05","modified_gmt":"2025-02-02T13:40:05","slug":"surdurulebilirlik-politikasi","status":"publish","type":"page","link":"https:\/\/primeotel.com\/en\/surdurulebilirlik-politikasi\/","title":{"rendered":"S\u00fcrd\u00fcr\u00fclebilirlik Politikas\u0131"},"content":{"rendered":"<div class=\"wpb-content-wrapper\"><div class=\"vc_row wpb_row vc_row-fluid\"><div class=\"wpb_column vc_column_container vc_col-sm-12\"><div class=\"vc_column-inner\"><div class=\"wpb_wrapper\">\n\t<div class=\"wpb_text_column wpb_content_element\" >\n\t\t<div class=\"wpb_wrapper\">\n\t\t\t<h2 style=\"text-align: center;\">\u0130\u015fletmemizde \u00e7evreyi korur, kirlenmesini \u00f6nler, \u00e7evreye olan olumsuz etkilerimizi azaltarak korunmas\u0131na \u00f6nem veririz.<\/h2>\n\n\t\t<\/div>\n\t<\/div>\n\n\t<div class=\"wpb_text_column wpb_content_element\" >\n\t\t<div class=\"wpb_wrapper\">\n\t\t\t<ul>\n<li>Yasal d\u00fczenlemelere uyum sa\u011flar \u00e7evre etkimizi azaltmaya \u00e7al\u0131\u015f\u0131r\u0131z.<\/li>\n<li>At\u0131klar\u0131m\u0131z\u0131 kayna\u011f\u0131na, gruplar\u0131na ve tehlike s\u0131n\u0131flar\u0131na g\u00f6re etkin \u015fekilde ay\u0131rmaya \u00f6zen g\u00f6steririz.<\/li>\n<li>Tehlikeli maddeler ve kimyasallar\u0131n yaln\u0131zca ihtiya\u00e7 durumunda ve gerekti\u011fi kadar kullan\u0131lmas\u0131n\u0131n hem \u00e7evreye olan negatif etkileri hem de at\u0131k miktar\u0131n\u0131 azaltaca\u011f\u0131n\u0131 biliriz,<\/li>\n<li>\u0130\u015fletmemizde ald\u0131\u011f\u0131m\u0131z malzemelerde \u201cgeri d\u00f6n\u00fc\u015f\u00fcm\u201d ve \u201c\u00e7evre dostu\u201d etiketi olanlar\u0131 tercih ederek do\u011fay\u0131 korumaya katk\u0131da bulunuruz. Yeniden kullan\u0131m f\u0131rsatlar\u0131 yaratmaya \u00e7al\u0131\u015f\u0131r\u0131z,<\/li>\n<li>K\u00e2\u011f\u0131t, pe\u00e7ete, tuvalet k\u00e2\u011f\u0131d\u0131, ambalaj gibi tek kullan\u0131ml\u0131k malzemeleri gerekti\u011fi kadar kullan\u0131p do\u011faya daha az at\u0131k b\u0131rakmaya \u00f6zen g\u00f6steririz,<\/li>\n<li>At\u0131klar\u0131 do\u011fru \u015fekilde, \u00f6zelliklerine g\u00f6re ayr\u0131 alanlarda depolar, yasal depolama s\u00fcre s\u0131n\u0131rlar\u0131n\u0131 a\u015fmadan lisansl\u0131\/yetkili firmalara teslim ederek, kay\u0131tlar\u0131n\u0131 muhafaza ederiz,<\/li>\n<li>Su, enerji ve t\u00fcm do\u011fal kaynaklar\u0131 tasarruflu kullanmaya \u00e7al\u0131\u015f\u0131r\u0131z. Bu hassasiyetimizi \u00e7al\u0131\u015fanlar\u0131m\u0131z, misafirlerimiz, tedarik\u00e7ilerimiz ile payla\u015f\u0131r\u0131z.<\/li>\n<li>\u00c7evre y\u00f6netimi konusundaki performans\u0131m\u0131z\u0131 \u00f6l\u00e7er, bu verileri hedefler ile izler ve performans\u0131m\u0131z\u0131 geli\u015ftirmeye \u00e7al\u0131\u015f\u0131r\u0131z.<\/li>\n<li>\u00c7al\u0131\u015fanlar\u0131m\u0131z\u0131 \u00e7evre konusunda e\u011fitmeyi ve duyarl\u0131l\u0131klar\u0131n\u0131 art\u0131rmay\u0131 ama\u00e7lar\u0131z.\u00a0 \u00a0 \u00a0 \u00a0 \u00a0 \u00a0 \u00a0 \u00a0 \u00a0 \u00a0 \u00a0 \u00a0 \u00a0 \u00a0 \u00a0 \u00a0 \u00a0 \u00a0 \u00a0 \u00a0 \u00a0 \u00a0 \u00a0 \u00a0 \u00a0 \u00a0 \u00a0 \u00a0 \u00a0 \u00a0 \u00a0 \u00a0 \u00a0 \u00a0 \u00a0 \u00a0 \u00a0 \u00a0 \u00a0 \u00a0 \u00a0 \u00a0 \u00a0 \u00a0 \u00a0 \u00a0 \u00a0 \u00a0 \u00a0 \u00a0 \u00a0 \u00a0 \u00a0 \u00a0 \u00a0 \u00a0 \u00a0 \u00a0 \u00a0 \u00a0 \u00a0 \u00a0 \u00a0 \u00a0 \u00a0 \u00a0 \u00a0 \u00a0 \u00a0 \u00a0 \u00a0 \u00a0 \u00a0 \u00a0 \u00a0 \u00a0 \u00a0 \u00a0 \u00a0 S\u00fcrd\u00fcr\u00fclebilir tedarik anlay\u0131\u015f\u0131 do\u011frultusunda tedarik\u00e7ilerimizin\/\u00e7\u00f6z\u00fcm ortaklar\u0131m\u0131z\u0131n;<\/li>\n<li>\u00c7evre ve \u0130\u015f Sa\u011fl\u0131\u011f\u0131 G\u00fcvenli\u011fi Y\u00f6netim Sistemleri, uluslararas\u0131 d\u00fczeyde kabul g\u00f6rm\u00fc\u015f \u00e7evre ve s\u00fcrd\u00fcr\u00fclebilirlik etiketlerine\/sertifikalar\u0131na sahip olmas\u0131na,<\/li>\n<li>\u00dcretim ve tedarikte, \u00e7evreye zararl\u0131 etkilerinin olmamas\u0131na, \u00e7evre mevzuatlar\u0131na uyuyor olmas\u0131na,<\/li>\n<li>Kaynaklar\u0131; do\u011fal ya\u015fama, ekosisteme zarar vermeden, uygun bir \u015fekilde kullan\u0131yor\/t\u00fcketiyor olmas\u0131na, avlanma yasaklar\u0131na uyuyor olmas\u0131na,<\/li>\n<li>At\u0131klar\u0131n\u0131 en aza indirmek ve do\u011fru y\u00f6netmek i\u00e7in \u00e7al\u0131\u015f\u0131yor olmas\u0131na, \u00fcr\u00fcn ambalajlar\u0131nda daha az ambalajlamaya veya d\u00f6kme ambalajlama alternatifleri sunuyor olmas\u0131na,<\/li>\n<li>\u00c7evre dostu, tasarruflu, y\u00f6resel, etik de\u011ferlere \u00f6nem veren, geri d\u00f6n\u00fc\u015febilir veya geri d\u00f6n\u00fc\u015ft\u00fcr\u00fclm\u00fc\u015f malzeme kullanan, organik, bio, vegan, hayvanlar \u00fczerinde denenmemi\u015f, zararl\u0131 kimyasal bile\u015fenler i\u00e7ermeyen vb. alternatifleri sunmalar\u0131na,<\/li>\n<li>Yerli ve yerel \u00fcretim\/hizmet sa\u011flay\u0131c\u0131s\u0131 olmas\u0131na,<\/li>\n<li>\u00dclkemizin\/b\u00f6lgemizin mutfa\u011f\u0131n\u0131, geleneklerini, k\u00fclt\u00fcr\u00fcn\u00fc yans\u0131tan\/tan\u0131tan \u00fcr\u00fcn\/hizmet olmas\u0131na,<\/li>\n<li>\u00d6nem verir ve bu bak\u0131\u015f a\u00e7\u0131m\u0131z\u0131 payda\u015f tedarik\u00e7ilerimize iletiriz. Tedarik\u00e7ilerimiz ile birlikte verimli sat\u0131n alma f\u0131rsatlar\u0131 yaratmaya \u00e7al\u0131\u015f\u0131r, tedarik s\u00fcre\u00e7lerinden do\u011fan \u00e7evre etkilerini azaltmay\u0131 hedefleriz.<\/li>\n<li>D\u00fcnyam\u0131z\u0131 olas\u0131 tehlikelerden korumak i\u00e7in enerjimizi verimli kullan\u0131yor ve enerji sarfiyat\u0131m\u0131z\u0131 azaltmak i\u00e7in hedefler belirliyoruz.<\/li>\n<li>Hem do\u011faya kar\u015f\u0131 sorumluluklar\u0131m\u0131z hem de yasal y\u00fck\u00fcml\u00fcl\u00fcklerimizi yerine getirmek \u00fczere ulusal ve uluslararas\u0131 standartlar\u0131, yasa ve d\u00fczenlemeleri takip eder, enerji kullan\u0131m\u0131n\u0131 azaltma ve\/veya enerji t\u00fcketim performans\u0131m\u0131z\u0131n s\u00fcrekli iyile\u015ftirilmesini sa\u011flayacak \u00e7al\u0131\u015fmalar\u0131 g\u00f6n\u00fcll\u00fc olarak y\u00fcr\u00fct\u00fcr, \u00e7al\u0131\u015fmalar\u0131m\u0131z\u0131n sonu\u00e7lar\u0131n\u0131 takip ederiz.<\/li>\n<li>Hedefler koyar, \u00e7al\u0131\u015fanlar\u0131m\u0131z\u0131n da kat\u0131l\u0131m\u0131n\u0131 sa\u011flamak amac\u0131yla e\u011fitim programlar\u0131m\u0131zda enerji verimlili\u011fine yer veririz.<\/li>\n<li>T\u00fcm payda\u015flar\u0131m\u0131zla enerji y\u00f6netimi konusunda ortak ama\u00e7lar ve sonu\u00e7lar yaratmak \u00fczere i\u015f birli\u011fi yapmay\u0131 \u00f6nemseriz. Bu konularda misafirlerimiz, \u00e7al\u0131\u015fanlar\u0131m\u0131z, ziyaret\u00e7ilerimiz ve t\u00fcm i\u015f ortaklar\u0131m\u0131z ile birlikte topyek\u00fbn bir fark\u0131ndal\u0131k ve bilin\u00e7 seviyesine ula\u015f\u0131lmas\u0131 ad\u0131na etkile\u015fimimizi s\u00fcrd\u00fcrmeye \u00e7al\u0131\u015f\u0131r\u0131z.<\/li>\n<li>Enerji verimli uygun \u00fcr\u00fcn, ekipman, te\u00e7hizat ve teknoloji alternatiflerini ara\u015ft\u0131r\u0131p bulmaya, sat\u0131n almaya ve kullanmaya \u00e7al\u0131\u015f\u0131r\u0131z.<\/li>\n<li>Enerji Y\u00f6netim Sistemimizi dok\u00fcmante etmeyi, t\u00fcm departmanlar\u0131m\u0131za yaymay\u0131, gerekti\u011finde g\u00fcncellemeyi, g\u00f6zden ge\u00e7irmeyi ve s\u00fcrekli olarak iyile\u015ftirmeyi hedefleriz.<\/li>\n<li>Enerji risklerini veya enerji k\u0131s\u0131t\u0131 gibi do\u011fabilecek acil durumlar\u0131 de\u011ferlendirir, al\u0131nabilecek \u00f6nlemleri planlar\u0131z<\/li>\n<\/ul>\n\n\t\t<\/div>\n\t<\/div>\n<\/div><\/div><\/div><\/div>\n<\/div>","protected":false},"excerpt":{"rendered":"\u0130\u015fletmemizde \u00e7evreyi korur, kirlenmesini \u00f6nler, \u00e7evreye olan olumsuz etkilerimizi azaltarak korunmas\u0131na \u00f6nem veririz. Yasal d\u00fczenlemelere uyum sa\u011flar \u00e7evre etkimizi azaltmaya \u00e7al\u0131\u015f\u0131r\u0131z. At\u0131klar\u0131m\u0131z\u0131 kayna\u011f\u0131na, gruplar\u0131na ve tehlike s\u0131n\u0131flar\u0131na g\u00f6re etkin \u015fekilde ay\u0131rmaya \u00f6zen g\u00f6steririz. Tehlikeli maddeler ve kimyasallar\u0131n yaln\u0131zca ihtiya\u00e7 durumunda ve gerekti\u011fi kadar kullan\u0131lmas\u0131n\u0131n hem \u00e7evreye olan negatif etkileri hem de at\u0131k miktar\u0131n\u0131 azaltaca\u011f\u0131n\u0131 biliriz, [...]","protected":false},"author":1,"featured_media":0,"parent":0,"menu_order":0,"comment_status":"closed","ping_status":"closed","template":"","meta":{"footnotes":""},"class_list":["post-5653","page","type-page","status-publish","hentry"],"_links":{"self":[{"href":"https:\/\/primeotel.com\/en\/wp-json\/wp\/v2\/pages\/5653","targetHints":{"allow":["GET"]}}],"collection":[{"href":"https:\/\/primeotel.com\/en\/wp-json\/wp\/v2\/pages"}],"about":[{"href":"https:\/\/primeotel.com\/en\/wp-json\/wp\/v2\/types\/page"}],"author":[{"embeddable":true,"href":"https:\/\/primeotel.com\/en\/wp-json\/wp\/v2\/users\/1"}],"replies":[{"embeddable":true,"href":"https:\/\/primeotel.com\/en\/wp-json\/wp\/v2\/comments?post=5653"}],"version-history":[{"count":6,"href":"https:\/\/primeotel.com\/en\/wp-json\/wp\/v2\/pages\/5653\/revisions"}],"predecessor-version":[{"id":5668,"href":"https:\/\/primeotel.com\/en\/wp-json\/wp\/v2\/pages\/5653\/revisions\/5668"}],"wp:attachment":[{"href":"https:\/\/primeotel.com\/en\/wp-json\/wp\/v2\/media?parent=5653"}],"curies":[{"name":"wp","href":"https:\/\/api.w.org\/{rel}","templated":true}]}}