{"id":4380,"date":"2018-12-29T19:25:00","date_gmt":"2018-12-29T16:25:00","guid":{"rendered":"https:\/\/primeotel.com\/?page_id=4380"},"modified":"2018-12-30T12:00:46","modified_gmt":"2018-12-30T09:00:46","slug":"toplanti-salonu","status":"publish","type":"page","link":"https:\/\/primeotel.com\/en\/toplanti-salonu\/","title":{"rendered":"Toplant\u0131 Salonu"},"content":{"rendered":"<div class=\"wpb-content-wrapper\"><div class=\"vc_row wpb_row vc_row-fluid\"><div class=\"wpb_column vc_column_container vc_col-sm-8\"><div class=\"vc_column-inner\"><div class=\"wpb_wrapper\"><div class=\"wpb_gallery wpb_content_element vc_clearfix wpb_content_element\" ><div class=\"wpb_wrapper\"><div class=\"wpb_gallery_slides wpb_slider_nivo theme-default\" data-interval=\"3\"><div class=\"nivoSlider\"><a class=\"\" href=\"https:\/\/primeotel.com\/wp-content\/uploads\/2018\/12\/toplanti_salon-1024x698.jpg\" data-lightbox=\"lightbox[rel-4380-1103327471]\"><img loading=\"lazy\" decoding=\"async\" width=\"2000\" height=\"1363\" src=\"https:\/\/primeotel.com\/wp-content\/uploads\/2018\/12\/toplanti_salon.jpg\" class=\"attachment-full\" alt=\"\" title=\"toplanti_salon\" srcset=\"https:\/\/primeotel.com\/wp-content\/uploads\/2018\/12\/toplanti_salon.jpg 2000w, https:\/\/primeotel.com\/wp-content\/uploads\/2018\/12\/toplanti_salon-300x204.jpg 300w, https:\/\/primeotel.com\/wp-content\/uploads\/2018\/12\/toplanti_salon-768x523.jpg 768w, https:\/\/primeotel.com\/wp-content\/uploads\/2018\/12\/toplanti_salon-1024x698.jpg 1024w, https:\/\/primeotel.com\/wp-content\/uploads\/2018\/12\/toplanti_salon-600x409.jpg 600w, https:\/\/primeotel.com\/wp-content\/uploads\/2018\/12\/toplanti_salon-16x12.jpg 16w\" sizes=\"auto, (max-width: 2000px) 100vw, 2000px\" \/><\/a><a class=\"\" href=\"https:\/\/primeotel.com\/wp-content\/uploads\/2018\/12\/toplanti_salon_1-1024x683.jpg\" data-lightbox=\"lightbox[rel-4380-1103327471]\"><img loading=\"lazy\" decoding=\"async\" width=\"2000\" height=\"1334\" src=\"https:\/\/primeotel.com\/wp-content\/uploads\/2018\/12\/toplanti_salon_1.jpg\" class=\"attachment-full\" alt=\"\" title=\"toplanti_salon_1\" srcset=\"https:\/\/primeotel.com\/wp-content\/uploads\/2018\/12\/toplanti_salon_1.jpg 2000w, https:\/\/primeotel.com\/wp-content\/uploads\/2018\/12\/toplanti_salon_1-300x200.jpg 300w, https:\/\/primeotel.com\/wp-content\/uploads\/2018\/12\/toplanti_salon_1-768x512.jpg 768w, https:\/\/primeotel.com\/wp-content\/uploads\/2018\/12\/toplanti_salon_1-1024x683.jpg 1024w, https:\/\/primeotel.com\/wp-content\/uploads\/2018\/12\/toplanti_salon_1-600x400.jpg 600w, https:\/\/primeotel.com\/wp-content\/uploads\/2018\/12\/toplanti_salon_1-272x182.jpg 272w, https:\/\/primeotel.com\/wp-content\/uploads\/2018\/12\/toplanti_salon_1-16x12.jpg 16w\" sizes=\"auto, (max-width: 2000px) 100vw, 2000px\" \/><\/a><\/div><\/div><\/div><\/div><\/div><\/div><\/div><div class=\"wpb_column vc_column_container vc_col-sm-4\"><div class=\"vc_column-inner\"><div class=\"wpb_wrapper\">\n\t<div class=\"wpb_text_column wpb_content_element\" >\n\t\t<div class=\"wpb_wrapper\">\n\t\t\t<p><img loading=\"lazy\" decoding=\"async\" class=\"alignnone size-full wp-image-4281\" src=\"https:\/\/primeotel.com\/wp-content\/uploads\/2018\/12\/primehotel.png\" alt=\"\" width=\"136\" height=\"61\" srcset=\"https:\/\/primeotel.com\/wp-content\/uploads\/2018\/12\/primehotel.png 136w, https:\/\/primeotel.com\/wp-content\/uploads\/2018\/12\/primehotel-16x7.png 16w\" sizes=\"auto, (max-width: 136px) 100vw, 136px\" \/><\/p>\n<p>gerek\u00a0 \u015eirket, gerek Kurumsal etkinlikleriniz i\u00e7in son Teknoloji ile donat\u0131lm\u0131\u015fgeni\u015f bir Toplant\u0131 salonu sunmaktad\u0131r.<\/p>\n\n\t\t<\/div>\n\t<\/div>\n<\/div><\/div><\/div><\/div>\n<\/div>","protected":false},"excerpt":{"rendered":"<p><\/p>","protected":false},"author":1,"featured_media":0,"parent":0,"menu_order":0,"comment_status":"closed","ping_status":"closed","template":"","meta":{"footnotes":""},"class_list":["post-4380","page","type-page","status-publish","hentry"],"_links":{"self":[{"href":"https:\/\/primeotel.com\/en\/wp-json\/wp\/v2\/pages\/4380","targetHints":{"allow":["GET"]}}],"collection":[{"href":"https:\/\/primeotel.com\/en\/wp-json\/wp\/v2\/pages"}],"about":[{"href":"https:\/\/primeotel.com\/en\/wp-json\/wp\/v2\/types\/page"}],"author":[{"embeddable":true,"href":"https:\/\/primeotel.com\/en\/wp-json\/wp\/v2\/users\/1"}],"replies":[{"embeddable":true,"href":"https:\/\/primeotel.com\/en\/wp-json\/wp\/v2\/comments?post=4380"}],"version-history":[{"count":2,"href":"https:\/\/primeotel.com\/en\/wp-json\/wp\/v2\/pages\/4380\/revisions"}],"predecessor-version":[{"id":4479,"href":"https:\/\/primeotel.com\/en\/wp-json\/wp\/v2\/pages\/4380\/revisions\/4479"}],"wp:attachment":[{"href":"https:\/\/primeotel.com\/en\/wp-json\/wp\/v2\/media?parent=4380"}],"curies":[{"name":"wp","href":"https:\/\/api.w.org\/{rel}","templated":true}]}}