{"id":2589,"date":"2015-07-06T08:33:48","date_gmt":"2015-07-06T05:33:48","guid":{"rendered":"http:\/\/demo.thimpress.com\/resca\/?page_id=14"},"modified":"2025-02-02T15:24:16","modified_gmt":"2025-02-02T12:24:16","slug":"iletisim","status":"publish","type":"page","link":"https:\/\/primeotel.com\/en\/iletisim\/","title":{"rendered":"Contact"},"content":{"rendered":"<div id=\"pl-2589\"  class=\"panel-layout\" ><div id=\"pg-2589-0\"  class=\"panel-grid panel-no-style\" ><div id=\"pgc-2589-0-0\"  class=\"panel-grid-cell\" ><div id=\"panel-2589-0-0-0\" class=\"so-panel widget panel-first-child\" data-index=\"0\" ><\/div><div id=\"panel-2589-0-0-1\" class=\"widget_text so-panel widget widget_custom_html\" data-index=\"1\" ><div class=\"textwidget custom-html-widget\"><div id=\"bookup_widget_box\"><\/div>\n<script type=\"text\/javascript\" src=\"\/\/files.bupman.com\/v1\/widget.js?widget_code=40F98D83&mode=box\"><\/script>\n\n<style>\ndiv#bookup_widget_box {\n\t\ttop: inherit!important;\n    left: inherit!important;\n    position: relative!important;\n    margin: 30px auto;\n}\n<\/style><\/div><\/div><div id=\"panel-2589-0-0-2\" class=\"so-panel widget widget_icon-box panel-last-child\" data-index=\"2\" ><div class=\"panel-widget-style panel-widget-style-for-2589-0-0-2\" ><div class=\"thim-widget-icon-box thim-widget-icon-box-base template-base\"><div class=\"inner-box\"><div style=\"background-image:url()\" class=\"wrapper-box-icon text-center\" ><div class=\"smicon-box iconbox-top\"><div class=\"content-inner\" ><div class=\"sc-heading article_heading\"><h2 class = \"heading__primary\" >Prime Hotel<\/h2><\/div><div class=\"desc-icon-box\"><div >Adres: Tevfik I\u015f\u0131k Cad. No:25 07100 Muratpa\u015fa Antalya<\/b><\/a><br \/>\nTel. <a href=\"tel:+902423236611\" class=\"value\"><b>+90 242 323 66 11<\/b><\/a><br \/>\nWhatsapp. <a href=\"tel:+95303428457\" class=\"value\"><b>+90 530 342 84 57<\/b><\/a><br \/>\nEmail. <a href=\"mailto:info@primeotel.com\"><b>info@primeotel.com<\/b><\/a><\/div><\/div><\/div><\/div><!--end smicon-box--><\/div><\/div><\/div><\/div><\/div><\/div><div id=\"pgc-2589-0-1\"  class=\"panel-grid-cell\" ><div id=\"panel-2589-0-1-0\" class=\"widget_text so-panel widget widget_custom_html panel-first-child panel-last-child\" data-index=\"3\" ><div class=\"textwidget custom-html-widget\"><iframe src=\"https:\/\/www.google.com\/maps\/embed?pb=!1m14!1m12!1m3!1d3191.6042407807954!2d30.712026526272435!3d36.87589071342857!2m3!1f0!2f0!3f0!3m2!1i1024!2i768!4f13.1!5e0!3m2!1str!2str!4v1738498098859!5m2!1str!2str\" width=\"600\" height=\"450\" style=\"border:0;\" allowfullscreen=\"\" loading=\"lazy\" referrerpolicy=\"no-referrer-when-downgrade\"><\/iframe><\/div><\/div><\/div><\/div><div id=\"pg-2589-1\"  class=\"panel-grid panel-no-style\" ><div id=\"pgc-2589-1-0\"  class=\"panel-grid-cell panel-grid-cell-empty\" ><\/div><\/div><\/div>","protected":false},"excerpt":{"rendered":"<p>div#bookup_widget_box {<br \/>\n\t\ttop: inherit!important;<br \/>\n    left: inherit!important;<br \/>\n    position: relative!important;<br \/>\n    margin: 30px auto;<br \/>\n}<br \/>\nPrime HotelAdres: Tevfik I\u015f\u0131k Cad. No:25 07100 Muratpa\u015fa Antalya<br \/>\nTel. +90 242 323 66 11<br \/>\nWhatsapp. +90 530 342 84 57<br \/>\nEmail. info@primeotel.com<\/p>","protected":false},"author":1,"featured_media":0,"parent":0,"menu_order":0,"comment_status":"closed","ping_status":"closed","template":"","meta":{"footnotes":""},"class_list":["post-2589","page","type-page","status-publish","hentry"],"_links":{"self":[{"href":"https:\/\/primeotel.com\/en\/wp-json\/wp\/v2\/pages\/2589","targetHints":{"allow":["GET"]}}],"collection":[{"href":"https:\/\/primeotel.com\/en\/wp-json\/wp\/v2\/pages"}],"about":[{"href":"https:\/\/primeotel.com\/en\/wp-json\/wp\/v2\/types\/page"}],"author":[{"embeddable":true,"href":"https:\/\/primeotel.com\/en\/wp-json\/wp\/v2\/users\/1"}],"replies":[{"embeddable":true,"href":"https:\/\/primeotel.com\/en\/wp-json\/wp\/v2\/comments?post=2589"}],"version-history":[{"count":48,"href":"https:\/\/primeotel.com\/en\/wp-json\/wp\/v2\/pages\/2589\/revisions"}],"predecessor-version":[{"id":5642,"href":"https:\/\/primeotel.com\/en\/wp-json\/wp\/v2\/pages\/2589\/revisions\/5642"}],"wp:attachment":[{"href":"https:\/\/primeotel.com\/en\/wp-json\/wp\/v2\/media?parent=2589"}],"curies":[{"name":"wp","href":"https:\/\/api.w.org\/{rel}","templated":true}]}}