{"id":5660,"date":"2025-02-02T16:32:45","date_gmt":"2025-02-02T13:32:45","guid":{"rendered":"https:\/\/primeotel.com\/?page_id=5660"},"modified":"2025-02-02T16:32:45","modified_gmt":"2025-02-02T13:32:45","slug":"kvkk-cerez-politikasi","status":"publish","type":"page","link":"https:\/\/primeotel.com\/de\/kvkk-cerez-politikasi\/","title":{"rendered":"KVKK &#038; \u00c7erez Politikas\u0131"},"content":{"rendered":"<div class=\"wpb-content-wrapper\"><div class=\"vc_row wpb_row vc_row-fluid\"><div class=\"wpb_column vc_column_container vc_col-sm-12\"><div class=\"vc_column-inner\"><div class=\"wpb_wrapper\">\n\t<div class=\"wpb_text_column wpb_content_element\" >\n\t\t<div class=\"wpb_wrapper\">\n\t\t\t<div>Ki\u015fisel verilerin korunmas\u0131, temel bir insan hakk\u0131 olmas\u0131 sebebiyle veri sorumlusu olarak \u2019nin (Bundan sonra \u201c\u201d ve\/veya \u201c\u201d olarak an\u0131lacakt\u0131r.) en \u00f6nemli \u00f6ncelikleri aras\u0131ndad\u0131r. \u015eirket ki\u015fisel verilerin korunmas\u0131 hakk\u0131n\u0131 g\u00fcvence alt\u0131nda tutabilmek ad\u0131na, bu hususta y\u00fcr\u00fcrl\u00fckte bulunan t\u00fcm mevzuata uygun davranmak i\u00e7in azami gayret g\u00f6stermektedir.\u00a0 adresinde sunulan \u201cKi\u015fisel Verilerin Korunmas\u0131 ve \u0130\u015flenmesi Prosed\u00fcr\u00fc\u201d ve \u201cKi\u015fisel Verileri Saklama ve \u0130mha Prosed\u00fcr\u00fc\u201d \u00e7er\u00e7evesinde\u00a0 taraf\u0131ndan ger\u00e7ekle\u015ftirilen ki\u015fisel veri i\u015fleme faaliyetlerinin y\u00fcr\u00fct\u00fclmesinde benimsenen ilkeler ve\u00a0 veri i\u015fleme faaliyetlerinin 6698 say\u0131l\u0131 Ki\u015fisel Verilerin Korunmas\u0131 Kanunu\u2019nda (Bundan sonra \u201cKVKK\u201d ve\/veya \u201cKanun\u201d olarak an\u0131lacakt\u0131r.) yer alan d\u00fczenlemelere uyumu bak\u0131m\u0131ndan benimsenen temel prensipler a\u00e7\u0131klanmakta ve b\u00f6ylelikle , ilgili ki\u015fileri bilgilendirerek gerekli \u015feffafl\u0131\u011f\u0131 sa\u011flamaktad\u0131r.<\/div>\n<div>\u00a0taraf\u0131ndan, Kanun\u2019un ilgili h\u00fck\u00fcmlerine uygun olarak bilginize sunulan i\u015fbu\u00a0 \u00e7er\u00e7evesinde;<\/div>\n<div><\/div>\n<div><strong>\u00c7EREZ POL\u0130T\u0130KASI<\/strong><\/div>\n<div><\/div>\n<div>\u0130\u015fbu \u00c7erez Politikas\u0131\u2019n\u0131n amac\u0131, Platformlar\u0131n kullan\u0131m\u0131 esnas\u0131nda kullan\u0131lmakta olan \u00e7erezler kullan\u0131larak ki\u015fisel verilerin i\u015flenmesi nedeniyle elde edilen ki\u015fisel verilere ili\u015fkin sizlere bilgi vermektir.\u00a0 \u0130\u015fbu metinde sitemizde ve uygulamalar\u0131m\u0131zda hangi ama\u00e7larla hangi t\u00fcr \u00e7erezleri kulland\u0131\u011f\u0131m\u0131z\u0131 ve bu \u00e7erezleri nas\u0131l kontrol edebilece\u011finizi sizlere a\u00e7\u0131klamak istiyoruz.<\/div>\n<div>\u015eirket olarak sitemizde ve uygulamalar\u0131m\u0131zda kulland\u0131\u011f\u0131m\u0131z \u00e7erezleri gerekmesi durumunda kullanmaktan vazge\u00e7ebilir, bunlar\u0131n t\u00fcrlerini veya fonksiyonlar\u0131n\u0131 de\u011fi\u015ftirebilir veya sitemize ve uygulamalar\u0131m\u0131zda yeni \u00e7erezler ekleyebiliriz. Dolay\u0131s\u0131yla i\u015fbu \u00c7erez Politikas\u0131\u2019n\u0131n h\u00fck\u00fcmlerini diledi\u011fimiz zaman de\u011fi\u015ftirme hakk\u0131n\u0131 sakl\u0131 tutar\u0131z. G\u00fcncel \u00c7erez Politikas\u0131 \u00fczerinde ger\u00e7ekle\u015ftirilmi\u015f olan her t\u00fcrl\u00fc de\u011fi\u015fiklik sitede, uygulamada veya herhangi bir kamuya a\u00e7\u0131k mecrada yay\u0131nlanmakla birlikte y\u00fcr\u00fcrl\u00fck kazanacakt\u0131r. Son g\u00fcncelleme tarihini metnin sonunda bulabilirsiniz.<\/div>\n<div><strong>Ki\u015fisel Veri Toplaman\u0131n Y\u00f6ntemi ve Hukuki Sebebi<\/strong><\/div>\n<div>Ki\u015fisel verileriniz, internet sitemizi ziyaretiniz kapsam\u0131nda veya uygulamalar\u0131m\u0131z\u0131 kullanman\u0131z dolay\u0131s\u0131yla elektronik ortamda \u00e7erezler yoluyla \u015eirketimizin me\u015fru menfaati hukuki sebebine dayal\u0131 olarak toplanmaktad\u0131r. Hedefleme ve profilleme vas\u0131tas\u0131yla ger\u00e7ekle\u015ftirilen tan\u0131t\u0131m faaliyetleri ise yaln\u0131zca a\u00e7\u0131k r\u0131zan\u0131z olmas\u0131 halinde ger\u00e7ekle\u015ftirilmektedir. Toplanan ki\u015fisel verileriniz Kanun\u2019un 5. ve 6. maddelerinde belirtilen ki\u015fisel veri i\u015fleme \u015fartlar\u0131 ve ama\u00e7lar\u0131 kapsam\u0131nda i\u015fbu \u00c7erez Politikas\u0131\u2019nda belirtilen ama\u00e7larla da i\u015flenebilmektedir.<\/div>\n<div>Ki\u015fisel Verilerin Kimlere ve Hangi Ama\u00e7la Aktar\u0131labilece\u011fi<\/div>\n<div>\u015eirket olarak, \u00c7erez Politikas\u0131 kapsam\u0131ndaki ki\u015fisel verilerinizi yukar\u0131da belirtilen ama\u00e7lar\u0131n ger\u00e7ekle\u015ftirilebilmesi ile s\u0131n\u0131rl\u0131 olarak ve mevzuata uygun \u015fekilde, kanunen yetkili kamu kurumlar\u0131yla payla\u015fabiliriz<\/div>\n<div><strong>\u00c7erez \u00c7e\u015fitleri<\/strong><\/div>\n<div><strong>Kurum \u00c7erezleri<\/strong><\/div>\n<div>Kurum \u00e7erezleri, web sayfas\u0131n\u0131 ziyaret eden kullan\u0131c\u0131n\u0131n sayfa g\u00f6r\u00fcnt\u00fclemesi ve ayr\u0131ca sayfada bulunan oturum say\u0131s\u0131 ve kullan\u0131c\u0131 say\u0131s\u0131n\u0131 hesaplama gibi ama\u00e7lar i\u00e7in kullan\u0131l\u0131r. Web sayfas\u0131 ilk \u00f6nce Kurum \u00c7erez kullanarak verilere eri\u015fir ve sayfas\u0131 i\u00e7in genel analizini ve raporunu \u00e7\u0131karabilir.<\/div>\n<div><strong>\u00dc\u00e7\u00fcnc\u00fc Taraf \u00c7erezler<\/strong><\/div>\n<div>\u00dc\u00e7\u00fcnc\u00fc taraf \u00e7erezler, ziyaret edilen web sayfas\u0131n olu\u015fturdu\u011fu \u00e7erezlerden \u00e7ok ziyaret edilen web sayfas\u0131 d\u0131\u015f\u0131na kalan ba\u015fka \u00f6\u011felerin \u00e7erezlerini ifade etmektedir. Sosyal eklentiler, reklamlar veya site eklentileri gibi uygulamalar ile birlikte \u00fc\u00e7\u00fcnc\u00fc taraf \u00e7erezler takip edilir ve davran\u0131\u015fsal eylemler kontrol edilebilir. \u00d6rne\u011fin: Bir web sayfas\u0131 i\u00e7erisinde Youtube ba\u011flant\u0131s\u0131 eklendi\u011finde bu ba\u011flant\u0131ya her bas\u0131ld\u0131\u011f\u0131nda taray\u0131c\u0131ya Youtube \u00e7erezi eklenecektir.<\/div>\n<div><strong>Oturum \u00c7erezleri<\/strong><\/div>\n<div>Oturum \u00e7erezleri, web sayfas\u0131na ba\u011flant\u0131 sa\u011flayan ve burada oturum a\u00e7an kullan\u0131c\u0131lar\u0131n takibi i\u00e7in kullan\u0131l\u0131r. \u00d6zellikle al\u0131\u015fveri\u015f eylemlerinin takibi, sepete eklenen \u00fcr\u00fcnleri hat\u0131rlamak vb. i\u015flemlerde kullan\u0131l\u0131r. Bu \u00e7erezler taray\u0131c\u0131n\u0131n kapanmas\u0131 ile silinir.<\/div>\n<div><strong>Kal\u0131c\u0131 \u00c7erezler<\/strong><\/div>\n<div>Kal\u0131c\u0131 \u00e7erezler, internet eri\u015fimi i\u00e7in kullan\u0131lan taray\u0131c\u0131lar\u0131n kapanmas\u0131 sonras\u0131nda dahil tutulabilen \u00e7erez \u00e7e\u015fididir. \u00d6zellikle kullan\u0131c\u0131 ad\u0131 ve \u015fifre kullan\u0131m\u0131 i\u00e7in yo\u011funlukla kullan\u0131lmaktad\u0131r.<\/div>\n<div><strong>G\u00fcvenli \u00c7erezler<\/strong><\/div>\n<div>G\u00fcvenli \u00e7erezler, yaln\u0131zca HTTPS yani SSL sertifikas\u0131na sahip web sayfalar\u0131 g\u00fcvenli \u00e7erezleri, yani \u015fifreli veri i\u00e7eren i\u015flemleri kontrol etmek i\u00e7in kullan\u0131l\u0131r.<\/div>\n<div>Hangi \u00c7erezler Hangi Ama\u00e7larla Kullan\u0131lmaktad\u0131r?<\/div>\n<div>\u015e\u0130RKET olarak sitemizde ve uygulamalar\u0131m\u0131zda \u00e7e\u015fitli ama\u00e7larla \u00e7erezler kullanmakta ve bu \u00e7erezler vas\u0131tas\u0131yla ki\u015fisel verilerinizi i\u015flemekteyiz. Bu ama\u00e7lar ba\u015fl\u0131ca \u015funlard\u0131r:<\/div>\n<div>Site\u2019nin ve uygulamalar\u0131n \u00e7al\u0131\u015fmas\u0131 i\u00e7in gerekli temel fonksiyonlar\u0131 ger\u00e7ekle\u015ftirmek. \u00d6rne\u011fin, oturum a\u00e7an \u00fcyelerin Site\u2019de farkl\u0131 sayfalar\u0131 ziyaret ederken tekrar \u015fifre girmelerine gerek kalmamas\u0131.<\/div>\n<div>Site\u2019yi ve uygulamalar\u0131 analiz etmek, Site\u2019nin ve uygulamalar\u0131n performans\u0131n\u0131 artt\u0131rmak. \u00d6rne\u011fin, Site\u2019nin \u00fczerinde \u00e7al\u0131\u015ft\u0131\u011f\u0131 farkl\u0131 sunucular\u0131n entegrasyonu, Site\u2019yi ziyaret edenlerin say\u0131s\u0131n\u0131n tespit edilmesi ve buna g\u00f6re performans ayarlar\u0131n\u0131n yap\u0131lmas\u0131 ya da ziyaret\u00e7ilerin arad\u0131klar\u0131n\u0131 bulmalar\u0131n\u0131n kolayla\u015ft\u0131r\u0131lmas\u0131.<\/div>\n<div>Site\u2019nin ve uygulamalar\u0131n i\u015flevselli\u011fini artt\u0131rmak ve kullan\u0131m kolayl\u0131\u011f\u0131 sa\u011flamak. \u00d6rne\u011fin, Site\u2019yi ziyaret eden ziyaret\u00e7inin daha sonraki ziyaretinde kullan\u0131c\u0131 ad\u0131 bilgisinin ya da arama sorgular\u0131n\u0131n hat\u0131rlanmas\u0131.<\/div>\n<div>Ki\u015fiselle\u015ftirme, hedefleme ve reklamc\u0131l\u0131k faaliyeti ger\u00e7ekle\u015ftirmek. \u00d6rne\u011fin, ziyaret\u00e7ilerin g\u00f6r\u00fcnt\u00fcledikleri sayfa ve \u00fcr\u00fcnler \u00fczerinden ziyaret\u00e7ilerin ilgi alanlar\u0131yla ba\u011flant\u0131l\u0131 reklam g\u00f6sterilmesi.<\/div>\n<div>Sitemizde ve Uygulamalar\u0131m\u0131zda Kullan\u0131lan \u00c7erezler<\/div>\n<div>A\u015fa\u011f\u0131da sitemizde ve uygulamalar\u0131m\u0131zda kulland\u0131\u011f\u0131m\u0131z farkl\u0131 t\u00fcrdeki \u00e7erezleri bulabilirsiniz. Sitemizde ve uygulamalar\u0131m\u0131zda hem birinci parti \u00e7erezler (ziyaret etti\u011finiz site taraf\u0131ndan yerle\u015ftirilen) hem de \u00fc\u00e7\u00fcnc\u00fc parti \u00e7erezleri (ziyaret etti\u011finiz site haricindeki sunucular taraf\u0131ndan yerle\u015ftirilen) kullan\u0131lmaktad\u0131r.<\/div>\n<div><strong>Zorunlu \u00c7erezler<\/strong><\/div>\n<div>Belli \u00e7erezlerin kullan\u0131m\u0131 sitemizin ve uygulamalar\u0131m\u0131z\u0131n do\u011fru bi\u00e7imde \u00e7al\u0131\u015fmas\u0131 i\u00e7in zorunludur. \u00d6rne\u011fin sitemizde oturum a\u00e7t\u0131\u011f\u0131n\u0131zda devreye giren kimlik do\u011frulama \u00e7erezleri, sitemizde bir sayfadan di\u011ferine ge\u00e7i\u015finizde etkin olan oturumunuzun devam etmesini sa\u011flamaktad\u0131r.<\/div>\n<div>\u00c7erez Hizmet Sa\u011flay\u0131c\u0131s\u0131 \u00c7erez \u0130smi \u00c7erezin Amac\u0131 \u00c7erez Tipi \u00c7erez S\u00fcresi<\/div>\n<div>AAA(\u00d6RNEK) xxx Kullan\u0131c\u0131n\u0131n site \u00fczerinde kulland\u0131\u011f\u0131 dil se\u00e7ene\u011fini saklar. Gerekli 1 y\u0131l<\/div>\n<div>AAA(\u00d6RNEK) xxx Kullan\u0131c\u0131n\u0131n mobil cihazlardan web sitesine girdi\u011finde mobil g\u00f6r\u00fcn\u00fcme y\u00f6nlendirilip y\u00f6nlendirilmedi\u011fini g\u00f6sterir. Gerekli Oturum<\/div>\n<div>sonu<\/div>\n<div><strong>Tercih \u00c7erezleri<\/strong><\/div>\n<div>Bu \u00e7erezler sizlerin site ve uygulama \u00fczerindeki tercihlerini ve se\u00e7imlerinizi hat\u0131rlayarak sitemizde sunulan hizmetlerin sizin i\u00e7in ki\u015fiselle\u015fmesini sa\u011flamaktad\u0131r. \u00d6rne\u011fin sitemiz \u00fczerindeki dil se\u00e7iminizi veya bir metin okurken se\u00e7mi\u015f oldu\u011funuz font boyutunu hat\u0131rlamam\u0131z\u0131 sa\u011flar.<\/div>\n<div>\u00c7erez Hizmet Sa\u011flay\u0131c\u0131s\u0131 \u00c7erez \u0130smi \u00c7erezin Amac\u0131 \u00c7erez Tipi \u00c7erez S\u00fcresi<\/div>\n<div><\/div>\n<div><\/div>\n<div><strong>Sosyal Medya \u00c7erezleri<\/strong><\/div>\n<div>Bu \u00e7erezler sizlerin sosyal medya kullan\u0131mlar\u0131n\u0131z hakk\u0131nda bilgilerin toplanmas\u0131n\u0131 sa\u011flar. \u00d6rne\u011fin Ki\u015fiselle\u015ftirilmi\u015f reklamlar olu\u015fturulmas\u0131 ya da market ara\u015ft\u0131rmalar\u0131 yap\u0131lmas\u0131 i\u00e7in Facebook\/Twitter hesaplar\u0131n\u0131za ait bilgilerin kullan\u0131lmas\u0131 i\u00e7in \u00e7erezler kullan\u0131labilir.<\/div>\n<div>\u00c7erez Hizmet Sa\u011flay\u0131c\u0131s\u0131 \u00c7erez \u0130smi \u00c7erezin Amac\u0131 \u00c7erez Tipi \u00c7erez S\u00fcresi<\/div>\n<div><\/div>\n<div><\/div>\n<div><strong>Performans ve Analiz \u00c7erezleri<\/strong><\/div>\n<div>Bu \u00e7erezler sayesinde sitemizi ve uygulamalar\u0131m\u0131z\u0131 kullan\u0131m\u0131n\u0131z\u0131 ve performans analizi yaparak sizlere verdi\u011fimiz hizmetleri daha iyi hale getirebiliyoruz. \u00d6rne\u011fin bu \u00e7erezler sayesinde ziyaret\u00e7ilerimizin en \u00e7ok hangi sayfalar\u0131 g\u00f6r\u00fcnt\u00fcledi\u011fini, sitemizin gerekti\u011fi gibi \u00e7al\u0131\u015f\u0131p \u00e7al\u0131\u015fmad\u0131\u011f\u0131n\u0131 ve olas\u0131 problemleri tespit edebiliyoruz.<\/div>\n<div>\u00c7erez Hizmet Sa\u011flay\u0131c\u0131s\u0131 \u00c7erez \u0130smi \u00c7erezin Amac\u0131 \u00c7erez Tipi \u00c7erez S\u00fcresi<\/div>\n<div><\/div>\n<div><\/div>\n<div><strong>Hedefleme veya reklam \u00e7erezleri<\/strong><\/div>\n<div>Sizlere sitemizde veya sitemiz haricindeki mecralarda \u00fcr\u00fcn ve hizmet tan\u0131t\u0131m\u0131n\u0131 yapmak i\u00e7in \u00e7erezler kullan\u0131yoruz. Ayr\u0131ca baz\u0131 i\u015f ortaklar\u0131m\u0131zla sizlere sitemiz dahilinde veya d\u0131\u015f\u0131nda reklam ve tan\u0131t\u0131m yapmak i\u00e7in i\u015f birli\u011fine gidebiliriz. \u00d6rne\u011fin, sitemizde g\u00f6rd\u00fc\u011f\u00fcn\u00fcz bir reklama t\u0131klay\u0131p t\u0131klamad\u0131\u011f\u0131n\u0131z\u0131, e\u011fer reklam ilginizi \u00e7ektikten sonra o reklam y\u00f6nlendirdi\u011fi sitedeki hizmetten faydalan\u0131p faydalanmad\u0131\u011f\u0131n\u0131z\u0131 takip etmek i\u00e7in \u00e7erezler kullan\u0131labilmektedir.<\/div>\n<div><\/div>\n<div>\u00c7erez Hizmet Sa\u011flay\u0131c\u0131s\u0131 \u00c7erez \u0130smi \u00c7erezin Amac\u0131 \u00c7erez Tipi \u00c7erez S\u00fcresi<\/div>\n<div><\/div>\n<div><\/div>\n<div><strong>\u00c7erezlerin Kullan\u0131m\u0131n\u0131 Nas\u0131l Kontrol Edebilirim?<\/strong><\/div>\n<div>\u00c7erez ve benzeri teknolojilerin kullan\u0131m\u0131 konusunda ziyaret\u00e7i ve kullan\u0131c\u0131lar\u0131m\u0131z\u0131n tercihleri bizler i\u00e7in esast\u0131r. Buna kar\u015f\u0131n, Platform\u2019un \u00e7al\u0131\u015fmas\u0131 i\u00e7in zorunlu olan \u00c7erezler\u2019in kullan\u0131lmas\u0131 gerekmektedir. Ek olarak baz\u0131 \u00e7erezlerin kapat\u0131lmas\u0131 halinde Platform\u2019un birtak\u0131m i\u015flevlerinin k\u0131smen ya da tamamen \u00e7al\u0131\u015fmayabilece\u011fini hat\u0131rlatmak isteriz.<\/div>\n<div>Platform\u2019da kullan\u0131lan \u00e7erezlere dair tercihlerinizi ne \u015fekilde y\u00f6netebilece\u011finize ili\u015fkin bilgiler a\u015fa\u011f\u0131daki gibidir:<\/div>\n<div>Ziyaret\u00e7iler, Platform\u2019u g\u00f6r\u00fcnt\u00fcledikleri taray\u0131c\u0131 ayarlar\u0131n\u0131 de\u011fi\u015ftirerek \u00e7erezlere ili\u015fkin tercihlerini ki\u015fiselle\u015ftirme imk\u00e2n\u0131na sahiptir. E\u011fer kullan\u0131lmakta olan taray\u0131c\u0131 bu imk\u00e2n\u0131 sunmaktaysa, taray\u0131c\u0131 ayarlar\u0131 \u00fczerinden \u00e7erezlere ili\u015fkin tercihleri de\u011fi\u015ftirmek m\u00fcmk\u00fcnd\u00fcr.<\/div>\n<div>B\u00f6ylelikle, taray\u0131c\u0131n\u0131n sunmu\u015f oldu\u011fu imk\u00e2nlara g\u00f6re farkl\u0131l\u0131k g\u00f6sterebilmekle birlikte, veri sahiplerinin \u00e7erezlerin kullan\u0131lmas\u0131n\u0131 engelleme, \u00e7erez kullan\u0131lmadan \u00f6nce uyar\u0131 almay\u0131 tercih etme veya sadece baz\u0131 \u00e7erezleri devre b\u0131rakma ya da silme imk\u00e2nlar\u0131 bulunmaktad\u0131r. Bu konudaki tercihler kullan\u0131lan taray\u0131c\u0131ya g\u00f6re de\u011fi\u015fiklik g\u00f6stermekle birlikte genel a\u00e7\u0131klamaya https:\/\/www.aboutcookies.org\/\u202fadresinden ula\u015fmak m\u00fcmk\u00fcnd\u00fcr. \u00c7erezlere ili\u015fkin tercihlerin, ziyaret\u00e7inin Platform\u2019a eri\u015fim sa\u011flad\u0131\u011f\u0131 her bir cihaz \u00f6zelinde ayr\u0131 ayr\u0131 yap\u0131lmas\u0131 gerekebilecektir. Bir\u00e7ok firman\u0131n reklam faaliyetleri i\u00e7in kulland\u0131\u011f\u0131 \u00e7erezler bak\u0131m\u0131ndan tercihler\u202fYour Online Choices \u00fczerinden y\u00f6netilebilir.<\/div>\n<div>Mobil cihazlar \u00fczerinden \u00e7erezleri y\u00f6netmek i\u00e7in mobil cihaza ait ayarlar men\u00fcs\u00fc kullan\u0131labilir.<\/div>\n<div>Taray\u0131c\u0131n\u0131z\u0131n ayarlar\u0131n\u0131 de\u011fi\u015ftirerek \u00e7erezlere ili\u015fkin tercihlerinizi ki\u015fiselle\u015ftirme imk\u00e2n\u0131na sahipsiniz.<\/div>\n<div>Adobe Analytics http:\/\/www.adobe.com\/uk\/privacy\/opt-out.html<\/div>\n<div>Google Adwords https:\/\/support.google.com\/ads\/answer\/2662922?hl=en<\/div>\n<div>Google Analytics https:\/\/tools.google.com\/dlpage\/gaoptout<\/div>\n<div>Google Chrome http:\/\/www.google.com\/support\/chrome\/bin\/answer.py?hl=en&amp;answer=95647<\/div>\n<div>Internet Explorer https:\/\/support.microsoft.com\/en-us\/help\/17442\/windows-internet-explorer-delete-manage-cookies<\/div>\n<div>MozillaFirefox http:\/\/support.mozilla.com\/en-US\/kb\/Cookies<\/div>\n<div>Opera http:\/\/www.opera.com\/browser\/tutorials\/security\/privacy\/<\/div>\n<div>Safari: https:\/\/support.apple.com\/kb\/ph19214?locale=tr_TR<\/div>\n<div>Veri Sahibi Olarak Haklar\u0131n\u0131z Nelerdir?<\/div>\n<div>KVKK\u2019n\u0131n 11. maddesi uyar\u0131nca veri sahipleri,<\/div>\n<div>Ki\u015fisel veri i\u015flenip i\u015flenmedi\u011fini \u00f6\u011frenme,<\/div>\n<div>Ki\u015fisel verileri i\u015flenmi\u015fse buna ili\u015fkin bilgi talep etme,<\/div>\n<div>Ki\u015fisel verilerin i\u015flenme amac\u0131n\u0131 ve bunlar\u0131n amac\u0131na uygun kullan\u0131l\u0131p kullan\u0131lmad\u0131\u011f\u0131n\u0131 \u00f6\u011frenme,<\/div>\n<div>Yurt i\u00e7inde veya yurt d\u0131\u015f\u0131nda ki\u015fisel verilerin aktar\u0131ld\u0131\u011f\u0131 \u00fc\u00e7\u00fcnc\u00fc ki\u015fileri bilme,<\/div>\n<div>Ki\u015fisel verilerin eksik veya yanl\u0131\u015f i\u015flenmi\u015f olmas\u0131 h\u00e2linde bunlar\u0131n d\u00fczeltilmesini isteme ve bu kapsamda yap\u0131lan i\u015flemin ki\u015fisel verilerin aktar\u0131ld\u0131\u011f\u0131 \u00fc\u00e7\u00fcnc\u00fc ki\u015filere bildirilmesini isteme,<\/div>\n<div>KVK Kanunu ve ilgili di\u011fer kanun h\u00fck\u00fcmlerine uygun olarak i\u015flenmi\u015f olmas\u0131na ra\u011fmen, i\u015flenmesini gerektiren sebeplerin ortadan kalkmas\u0131 h\u00e2linde ki\u015fisel verilerin silinmesini veya yok edilmesini isteme ve bu kapsamda yap\u0131lan i\u015flemin ki\u015fisel verilerin aktar\u0131ld\u0131\u011f\u0131 \u00fc\u00e7\u00fcnc\u00fc ki\u015filere bildirilmesini isteme,<\/div>\n<div>\u0130\u015flenen verilerin m\u00fcnhas\u0131ran otomatik sistemler vas\u0131tas\u0131yla analiz edilmesi suretiyle ki\u015finin kendisi aleyhine bir sonucun ortaya \u00e7\u0131kmas\u0131na itiraz etme,<\/div>\n<div>Ki\u015fisel verilerin kanuna ayk\u0131r\u0131 olarak i\u015flenmesi sebebiyle zarara u\u011framas\u0131 h\u00e2linde zarar\u0131n giderilmesini talep etme<\/div>\n<div>Haklar\u0131na sahiptir.<\/div>\n<div>Yukar\u0131da belirtilen haklar\u0131n\u0131z\u0131 kullanmak i\u00e7in kimli\u011finizi tespit edici gerekli bilgiler ve kullanmak istedi\u011finiz hakk\u0131n\u0131za y\u00f6nelik a\u00e7\u0131klamalar\u0131n\u0131zla birlikte yaz\u0131l\u0131 talebinizi www.primeotel.com bulunan ki\u015fisel veri ba\u015fvuru ve yan\u0131t formu\u2019nu doldurulmas\u0131yla veya usul\u00fcne uygun bir dilek\u00e7e ile \u201c\u201d adresine konunun KVKK ile ilgili oldu\u011funu a\u00e7\u0131k\u00e7a belirterek \u0131slak imzal\u0131 olarak,\u00a0 mail adresine veya ***@hs03.kep.tr kay\u0131tl\u0131 elektronik posta adresimize g\u00fcvenli elektronik imza, mobil imza yada ilgili ki\u015fi taraf\u0131ndan \u015firketimize, daha \u00f6nce bildirilen ve veri sorumlusunun sisteminde kay\u0131tl\u0131 bulunan elektronik posta adresini kullanmak suretiyle veya bizzat ba\u015fvuru yap\u0131labilmektedir. Talebiniz 30 g\u00fcn i\u00e7inde sonu\u00e7land\u0131r\u0131larak cevap iletilecektir.<\/div>\n<div>Yukar\u0131da say\u0131lan ba\u015fvurunun ge\u00e7erli bir ba\u015fvuru olarak kabul edilebilmesi i\u00e7in, Veri Sorumlusuna Ba\u015fvuru Usulleri Hakk\u0131nda Tebli\u011f uyar\u0131nca ba\u015fvuruda, ilgili ki\u015finin;<\/div>\n<div>Ad, soyad\u0131 ve ba\u015fvuru yaz\u0131l\u0131 ise imza,<\/div>\n<div>T\u00fcrkiye Cumhuriyeti vatanda\u015flar\u0131 i\u00e7in T.C. kimlik numaras\u0131, yabanc\u0131lar i\u00e7in uyru\u011fu, pasaport numaras\u0131 veya varsa kimlik numaras\u0131,<\/div>\n<div>Tebligata esas yerle\u015fim yeri veya i\u015f yeri adresi,<\/div>\n<div>Varsa bildirime esas elektronik posta adresi, telefon ve faks numaras\u0131,<\/div>\n<div>Talep konusu,<\/div>\n<div>Bilgilerini belirtmesi zorunludur. Aksi halde ba\u015fvuru ge\u00e7erli bir ba\u015fvuru olarak de\u011ferlendirilmeyecektir. Ba\u015fvuru formu doldurmadan yap\u0131lacak ba\u015fvurularda burada say\u0131lan hususlar\u0131n eksiksiz olarak \u015firketimize iletilmesi gerekmektedir.<\/div>\n<div>Ki\u015fisel verisi i\u015flenen ilgili ki\u015filerin ad\u0131na \u00fc\u00e7\u00fcnc\u00fc ki\u015filerin ba\u015fvuru talebinde bulunabilmesi i\u00e7in ilgili ki\u015fi taraf\u0131ndan ba\u015fvuruda bulunacak ki\u015fi ad\u0131na noter kanal\u0131yla d\u00fczenlenmi\u015f \u00f6zel vek\u00e2letname bulunmal\u0131d\u0131r.<\/div>\n<div>Talepler kural olarak \u00fccretsiz kar\u015f\u0131lan\u0131r ancak, talebin gere\u011fini yerine getirmek masraf gerektiriyorsa \u201cVeri Sorumlusuna Ba\u015fvuru Usul ve Esaslar\u0131 Hk. Tebli\u011f\u201d madde 7\u2019de \u00f6ng\u00f6r\u00fclen; \u201c\u0130lgili ki\u015finin ba\u015fvurusuna yaz\u0131l\u0131 olarak cevap verilecekse, 10 sayfaya kadar \u00fccret al\u0131nmaz. 10 sayfan\u0131n \u00fczerindeki her sayfa i\u00e7in 1 TL i\u015flem \u00fccreti al\u0131nabilir.<\/div>\n<div>Ba\u015fvuruya cevab\u0131n CD, flash bellek gibi bir kay\u0131t ortam\u0131nda verilmesi halinde veri sorumlusu taraf\u0131ndan talep edilebilecek \u00fccret kay\u0131t ortam\u0131n\u0131n maliyetini ge\u00e7emez.\u201d H\u00fckm\u00fc gere\u011fince\u00a0 taraf\u0131ndan \u00fccret istenebilecektir.<\/div>\n<div>, i\u015fbu \u00c7erez Politikas\u0131nda her zaman de\u011fi\u015fiklik yapabilir. Bu de\u011fi\u015fiklikler, de\u011fi\u015ftirilmi\u015f yeni \u00c7erez Politikas\u0131\u2019n\u0131n\u00a0 sitesine konulmas\u0131yla birlikte derhal ge\u00e7erlilik kazan\u0131r.<\/div>\n<div><\/div>\n<div><\/div>\n<div><\/div>\n\n\t\t<\/div>\n\t<\/div>\n<\/div><\/div><\/div><\/div>\n<\/div>","protected":false},"excerpt":{"rendered":"Ki\u015fisel verilerin korunmas\u0131, temel bir insan hakk\u0131 olmas\u0131 sebebiyle veri sorumlusu olarak \u2019nin (Bundan sonra \u201c\u201d ve\/veya \u201c\u201d olarak an\u0131lacakt\u0131r.) en \u00f6nemli \u00f6ncelikleri aras\u0131ndad\u0131r. \u015eirket ki\u015fisel verilerin korunmas\u0131 hakk\u0131n\u0131 g\u00fcvence alt\u0131nda tutabilmek ad\u0131na, bu hususta y\u00fcr\u00fcrl\u00fckte bulunan t\u00fcm mevzuata uygun davranmak i\u00e7in azami gayret g\u00f6stermektedir.\u00a0 adresinde sunulan \u201cKi\u015fisel Verilerin Korunmas\u0131 ve \u0130\u015flenmesi Prosed\u00fcr\u00fc\u201d ve \u201cKi\u015fisel [...]","protected":false},"author":1,"featured_media":0,"parent":0,"menu_order":0,"comment_status":"closed","ping_status":"closed","template":"","meta":{"footnotes":""},"class_list":["post-5660","page","type-page","status-publish","hentry"],"_links":{"self":[{"href":"https:\/\/primeotel.com\/de\/wp-json\/wp\/v2\/pages\/5660","targetHints":{"allow":["GET"]}}],"collection":[{"href":"https:\/\/primeotel.com\/de\/wp-json\/wp\/v2\/pages"}],"about":[{"href":"https:\/\/primeotel.com\/de\/wp-json\/wp\/v2\/types\/page"}],"author":[{"embeddable":true,"href":"https:\/\/primeotel.com\/de\/wp-json\/wp\/v2\/users\/1"}],"replies":[{"embeddable":true,"href":"https:\/\/primeotel.com\/de\/wp-json\/wp\/v2\/comments?post=5660"}],"version-history":[{"count":1,"href":"https:\/\/primeotel.com\/de\/wp-json\/wp\/v2\/pages\/5660\/revisions"}],"predecessor-version":[{"id":5661,"href":"https:\/\/primeotel.com\/de\/wp-json\/wp\/v2\/pages\/5660\/revisions\/5661"}],"wp:attachment":[{"href":"https:\/\/primeotel.com\/de\/wp-json\/wp\/v2\/media?parent=5660"}],"curies":[{"name":"wp","href":"https:\/\/api.w.org\/{rel}","templated":true}]}}