{"id":5628,"date":"2025-02-02T14:17:18","date_gmt":"2025-02-02T11:17:18","guid":{"rendered":"https:\/\/primeotel.com\/?page_id=5628"},"modified":"2025-02-02T14:19:50","modified_gmt":"2025-02-02T11:19:50","slug":"odalar","status":"publish","type":"page","link":"https:\/\/primeotel.com\/de\/odalar\/","title":{"rendered":"Zimmer"},"content":{"rendered":"<div id=\"pl-5628\"  class=\"panel-layout\" ><div id=\"pg-5628-0\"  class=\"panel-grid panel-has-style\" ><div class=\"siteorigin-panels-stretch panel-row-style panel-row-style-for-5628-0\" data-stretch-type=\"full\" ><div id=\"pgc-5628-0-0\"  class=\"panel-grid-cell panel-grid-cell-empty\" ><\/div><\/div><\/div><div id=\"pg-5628-1\"  class=\"panel-grid panel-has-style\" ><div class=\"siteorigin-panels-stretch panel-row-style panel-row-style-for-5628-1\" data-stretch-type=\"full\" ><div id=\"pgc-5628-1-0\"  class=\"panel-grid-cell\" ><div id=\"panel-5628-1-0-0\" class=\"so-panel widget widget_heading panel-first-child panel-last-child\" data-index=\"0\" ><div class=\"thim-widget-heading thim-widget-heading-base template-base\"><div class=\"sc-heading article_heading\"><h3 style=\"color:#ffffff;\" class=\"heading__primary\">DELUXE DEN\u0130Z & \u015eEH\u0130R MANZARALI<\/h3><\/div><\/div><\/div><\/div><\/div><\/div><div id=\"pg-5628-2\"  class=\"panel-grid panel-has-style\" ><div class=\"siteorigin-panels-stretch panel-row-style panel-row-style-for-5628-2\" data-stretch-type=\"full\" ><div id=\"pgc-5628-2-0\"  class=\"panel-grid-cell\" ><div id=\"panel-5628-2-0-0\" class=\"so-panel widget widget_sow-slider panel-first-child\" data-index=\"1\" ><div class=\"panel-widget-style panel-widget-style-for-5628-2-0-0\" ><div\n\t\t\t\n\t\t\tclass=\"so-widget-sow-slider so-widget-sow-slider-default-6d39609536fd-5628\"\n\t\t\t\n\t\t>\t\t\t\t<div class=\"sow-slider-base\" style=\"display: none\" tabindex=\"0\">\n\t\t\t\t\t<ul\n\t\t\t\t\tclass=\"sow-slider-images\"\n\t\t\t\t\tdata-settings=\"{&quot;pagination&quot;:true,&quot;speed&quot;:2,&quot;timeout&quot;:5000,&quot;paused&quot;:true,&quot;pause_on_hover&quot;:false,&quot;swipe&quot;:true,&quot;nav_always_show_desktop&quot;:&quot;&quot;,&quot;nav_always_show_mobile&quot;:&quot;&quot;,&quot;breakpoint&quot;:&quot;780px&quot;,&quot;unmute&quot;:false,&quot;anchor&quot;:null}\"\n\t\t\t\t\t\t\t\t\t\tdata-anchor-id=\"\"\n\t\t\t\t>\t\t<li class=\"sow-slider-image\" style=\"visibility: visible;\" >\n\t\t\t\t\t\t<img loading=\"lazy\" decoding=\"async\" width=\"600\" height=\"400\" src=\"https:\/\/primeotel.com\/wp-content\/uploads\/2019\/01\/junior_suit_1_600.jpg\" class=\"sow-slider-background-image\" alt=\"\" style=\"\" srcset=\"https:\/\/primeotel.com\/wp-content\/uploads\/2019\/01\/junior_suit_1_600.jpg 600w, https:\/\/primeotel.com\/wp-content\/uploads\/2019\/01\/junior_suit_1_600-300x200.jpg 300w, https:\/\/primeotel.com\/wp-content\/uploads\/2019\/01\/junior_suit_1_600-272x182.jpg 272w, https:\/\/primeotel.com\/wp-content\/uploads\/2019\/01\/junior_suit_1_600-16x12.jpg 16w\" sizes=\"auto, (max-width: 600px) 100vw, 600px\" \/>\t\t<\/li>\n\t\t\t\t<li class=\"sow-slider-image\" style=\"visibility: hidden;\" >\n\t\t\t\t\t\t<img loading=\"lazy\" decoding=\"async\" width=\"600\" height=\"400\" src=\"https:\/\/primeotel.com\/wp-content\/uploads\/2019\/01\/junior_suit_600.jpg\" class=\"sow-slider-background-image\" alt=\"\" style=\"\" srcset=\"https:\/\/primeotel.com\/wp-content\/uploads\/2019\/01\/junior_suit_600.jpg 600w, https:\/\/primeotel.com\/wp-content\/uploads\/2019\/01\/junior_suit_600-300x200.jpg 300w, https:\/\/primeotel.com\/wp-content\/uploads\/2019\/01\/junior_suit_600-272x182.jpg 272w, https:\/\/primeotel.com\/wp-content\/uploads\/2019\/01\/junior_suit_600-16x12.jpg 16w\" sizes=\"auto, (max-width: 600px) 100vw, 600px\" \/>\t\t<\/li>\n\t\t\t\t<li class=\"sow-slider-image\" style=\"visibility: hidden;\" >\n\t\t\t\t\t\t<img loading=\"lazy\" decoding=\"async\" width=\"600\" height=\"400\" src=\"https:\/\/primeotel.com\/wp-content\/uploads\/2019\/01\/junior_suit_banyo_600.jpg\" class=\"sow-slider-background-image\" alt=\"\" style=\"\" srcset=\"https:\/\/primeotel.com\/wp-content\/uploads\/2019\/01\/junior_suit_banyo_600.jpg 600w, https:\/\/primeotel.com\/wp-content\/uploads\/2019\/01\/junior_suit_banyo_600-300x200.jpg 300w, https:\/\/primeotel.com\/wp-content\/uploads\/2019\/01\/junior_suit_banyo_600-272x182.jpg 272w, https:\/\/primeotel.com\/wp-content\/uploads\/2019\/01\/junior_suit_banyo_600-16x12.jpg 16w\" sizes=\"auto, (max-width: 600px) 100vw, 600px\" \/>\t\t<\/li>\n\t\t\t\t<li class=\"sow-slider-image\" style=\"visibility: hidden;\" >\n\t\t\t\t\t\t<img loading=\"lazy\" decoding=\"async\" width=\"600\" height=\"400\" src=\"https:\/\/primeotel.com\/wp-content\/uploads\/2019\/01\/junior_suit_deniz_1_600.jpg\" class=\"sow-slider-background-image\" alt=\"\" style=\"\" srcset=\"https:\/\/primeotel.com\/wp-content\/uploads\/2019\/01\/junior_suit_deniz_1_600.jpg 600w, https:\/\/primeotel.com\/wp-content\/uploads\/2019\/01\/junior_suit_deniz_1_600-300x200.jpg 300w, https:\/\/primeotel.com\/wp-content\/uploads\/2019\/01\/junior_suit_deniz_1_600-272x182.jpg 272w, https:\/\/primeotel.com\/wp-content\/uploads\/2019\/01\/junior_suit_deniz_1_600-16x12.jpg 16w\" sizes=\"auto, (max-width: 600px) 100vw, 600px\" \/>\t\t<\/li>\n\t\t<\/ul>\t\t\t\t<ol class=\"sow-slider-pagination\">\n\t\t\t\t\t\t\t\t\t\t\t<li><a href=\"#\" data-goto=\"0\" aria-label=\"Display slide 1\"><\/a><\/li>\n\t\t\t\t\t\t\t\t\t\t\t<li><a href=\"#\" data-goto=\"1\" aria-label=\"Display slide 2\"><\/a><\/li>\n\t\t\t\t\t\t\t\t\t\t\t<li><a href=\"#\" data-goto=\"2\" aria-label=\"Display slide 3\"><\/a><\/li>\n\t\t\t\t\t\t\t\t\t\t\t<li><a href=\"#\" data-goto=\"3\" aria-label=\"Display slide 4\"><\/a><\/li>\n\t\t\t\t\t\t\t\t\t<\/ol>\n\n\t\t\t\t<div class=\"sow-slide-nav sow-slide-nav-next\">\n\t\t\t\t\t<a href=\"#\" data-goto=\"next\" aria-label=\"Next slide\" data-action=\"next\">\n\t\t\t\t\t\t<em class=\"sow-sld-icon-medium-right\"><\/em>\n\t\t\t\t\t<\/a>\n\t\t\t\t<\/div>\n\n\t\t\t\t<div class=\"sow-slide-nav sow-slide-nav-prev\">\n\t\t\t\t\t<a href=\"#\" data-goto=\"previous\" aria-label=\"Previous slide\" data-action=\"prev\">\n\t\t\t\t\t\t<em class=\"sow-sld-icon-medium-left\"><\/em>\n\t\t\t\t\t<\/a>\n\t\t\t\t<\/div>\n\t\t\t\t<\/div><\/div><\/div><\/div><div id=\"panel-5628-2-0-1\" class=\"so-panel widget widget_sow-editor\" data-index=\"2\" ><div class=\"panel-widget-style panel-widget-style-for-5628-2-0-1\" ><div\n\t\t\t\n\t\t\tclass=\"so-widget-sow-editor so-widget-sow-editor-base\"\n\t\t\t\n\t\t>\n<div class=\"siteorigin-widget-tinymce textwidget\">\n\t<div class=\"sm-text-wrapper\">\n<div class=\"sm-text SJe1WUWBl\">\n<p><span style=\"color: #000000;\"><strong>DELUXE MEERBLICK<\/strong><\/span><\/p>\n<div class=\"room-detail-hotel-name\">Meerblick<\/div>\n<div class=\"room-desc\">Meer\u00a0 Room<\/div>\n<div class=\"room-desc\">(Dieses Zimmer verf\u00fcgt \u00fcber ein Kingsize-Bett).<\/div>\n<div class=\"room-desc\">Dieser Raum <strong>33<\/strong> qm<\/div>\n<div><a href=\"https:\/\/primeotel.com\/de\/rooms\/junior-suit\/\">Mehr Informationen<\/a><\/div>\n<\/div>\n<div><\/div>\n<div class=\"sm-text SJe1WUWBl\">\n<div><\/div>\n<\/div>\n<p>&nbsp;<\/p>\n<\/div>\n<\/div>\n<\/div><\/div><\/div><div id=\"panel-5628-2-0-2\" class=\"so-panel widget widget_sow-button panel-last-child\" data-index=\"3\" ><div\n\t\t\t\n\t\t\tclass=\"so-widget-sow-button so-widget-sow-button-flat-0cfdc79e04a2-5628\"\n\t\t\t\n\t\t><div class=\"ow-button-base ow-button-align-center\"\n>\n\t\t\t<a\n\t\t\t\t\thref=\"https:\/\/primeotel.com\/de\/rezervasyon\/\"\n\t\t\t\t\tclass=\"sowb-button ow-icon-placement-left ow-button-hover\" \t>\n\t\t<span>\n\t\t\t\n\t\t\tRESERVIERUNG\t\t<\/span>\n\t\t\t<\/a>\n\t<\/div>\n<\/div><\/div><\/div><div id=\"pgc-5628-2-1\"  class=\"panel-grid-cell\" ><div id=\"panel-5628-2-1-0\" class=\"so-panel widget widget_sow-slider panel-first-child\" data-index=\"4\" ><div class=\"panel-widget-style panel-widget-style-for-5628-2-1-0\" ><div\n\t\t\t\n\t\t\tclass=\"so-widget-sow-slider so-widget-sow-slider-default-6d39609536fd-5628\"\n\t\t\t\n\t\t>\t\t\t\t<div class=\"sow-slider-base\" style=\"display: none\" tabindex=\"0\">\n\t\t\t\t\t<ul\n\t\t\t\t\tclass=\"sow-slider-images\"\n\t\t\t\t\tdata-settings=\"{&quot;pagination&quot;:true,&quot;speed&quot;:1,&quot;timeout&quot;:5000,&quot;paused&quot;:true,&quot;pause_on_hover&quot;:false,&quot;swipe&quot;:&quot;&quot;,&quot;nav_always_show_desktop&quot;:&quot;&quot;,&quot;nav_always_show_mobile&quot;:&quot;&quot;,&quot;breakpoint&quot;:&quot;780px&quot;,&quot;unmute&quot;:false,&quot;anchor&quot;:null}\"\n\t\t\t\t\t\t\t\t\t\tdata-anchor-id=\"\"\n\t\t\t\t>\t\t<li class=\"sow-slider-image\" style=\"visibility: visible;\" >\n\t\t\t\t\t\t<img loading=\"lazy\" decoding=\"async\" width=\"600\" height=\"400\" src=\"https:\/\/primeotel.com\/wp-content\/uploads\/2019\/01\/doble_room_600.jpg\" class=\"sow-slider-background-image\" alt=\"\" style=\"\" srcset=\"https:\/\/primeotel.com\/wp-content\/uploads\/2019\/01\/doble_room_600.jpg 600w, https:\/\/primeotel.com\/wp-content\/uploads\/2019\/01\/doble_room_600-300x200.jpg 300w, https:\/\/primeotel.com\/wp-content\/uploads\/2019\/01\/doble_room_600-272x182.jpg 272w, https:\/\/primeotel.com\/wp-content\/uploads\/2019\/01\/doble_room_600-16x12.jpg 16w\" sizes=\"auto, (max-width: 600px) 100vw, 600px\" \/>\t\t<\/li>\n\t\t\t\t<li class=\"sow-slider-image\" style=\"visibility: hidden;\" >\n\t\t\t\t\t\t<img loading=\"lazy\" decoding=\"async\" width=\"600\" height=\"400\" src=\"https:\/\/primeotel.com\/wp-content\/uploads\/2019\/01\/deluxe_banyo_600.jpg\" class=\"sow-slider-background-image\" alt=\"\" style=\"\" srcset=\"https:\/\/primeotel.com\/wp-content\/uploads\/2019\/01\/deluxe_banyo_600.jpg 600w, https:\/\/primeotel.com\/wp-content\/uploads\/2019\/01\/deluxe_banyo_600-300x200.jpg 300w, https:\/\/primeotel.com\/wp-content\/uploads\/2019\/01\/deluxe_banyo_600-272x182.jpg 272w, https:\/\/primeotel.com\/wp-content\/uploads\/2019\/01\/deluxe_banyo_600-16x12.jpg 16w\" sizes=\"auto, (max-width: 600px) 100vw, 600px\" \/>\t\t<\/li>\n\t\t\t\t<li class=\"sow-slider-image\" style=\"visibility: hidden;\" >\n\t\t\t\t\t\t<img loading=\"lazy\" decoding=\"async\" width=\"600\" height=\"400\" src=\"https:\/\/primeotel.com\/wp-content\/uploads\/2019\/01\/single_room_600.jpg\" class=\"sow-slider-background-image\" alt=\"\" style=\"\" srcset=\"https:\/\/primeotel.com\/wp-content\/uploads\/2019\/01\/single_room_600.jpg 600w, https:\/\/primeotel.com\/wp-content\/uploads\/2019\/01\/single_room_600-300x200.jpg 300w, https:\/\/primeotel.com\/wp-content\/uploads\/2019\/01\/single_room_600-272x182.jpg 272w, https:\/\/primeotel.com\/wp-content\/uploads\/2019\/01\/single_room_600-16x12.jpg 16w\" sizes=\"auto, (max-width: 600px) 100vw, 600px\" \/>\t\t<\/li>\n\t\t\t\t<li class=\"sow-slider-image\" style=\"visibility: hidden;\" >\n\t\t\t\t\t\t<img loading=\"lazy\" decoding=\"async\" width=\"600\" height=\"400\" src=\"https:\/\/primeotel.com\/wp-content\/uploads\/2019\/01\/deluxe_oda_600.jpg\" class=\"sow-slider-background-image\" alt=\"\" style=\"\" srcset=\"https:\/\/primeotel.com\/wp-content\/uploads\/2019\/01\/deluxe_oda_600.jpg 600w, https:\/\/primeotel.com\/wp-content\/uploads\/2019\/01\/deluxe_oda_600-300x200.jpg 300w, https:\/\/primeotel.com\/wp-content\/uploads\/2019\/01\/deluxe_oda_600-272x182.jpg 272w, https:\/\/primeotel.com\/wp-content\/uploads\/2019\/01\/deluxe_oda_600-16x12.jpg 16w\" sizes=\"auto, (max-width: 600px) 100vw, 600px\" \/>\t\t<\/li>\n\t\t<\/ul>\t\t\t\t<ol class=\"sow-slider-pagination\">\n\t\t\t\t\t\t\t\t\t\t\t<li><a href=\"#\" data-goto=\"0\" aria-label=\"Display slide 1\"><\/a><\/li>\n\t\t\t\t\t\t\t\t\t\t\t<li><a href=\"#\" data-goto=\"1\" aria-label=\"Display slide 2\"><\/a><\/li>\n\t\t\t\t\t\t\t\t\t\t\t<li><a href=\"#\" data-goto=\"2\" aria-label=\"Display slide 3\"><\/a><\/li>\n\t\t\t\t\t\t\t\t\t\t\t<li><a href=\"#\" data-goto=\"3\" aria-label=\"Display slide 4\"><\/a><\/li>\n\t\t\t\t\t\t\t\t\t<\/ol>\n\n\t\t\t\t<div class=\"sow-slide-nav sow-slide-nav-next\">\n\t\t\t\t\t<a href=\"#\" data-goto=\"next\" aria-label=\"Next slide\" data-action=\"next\">\n\t\t\t\t\t\t<em class=\"sow-sld-icon-medium-right\"><\/em>\n\t\t\t\t\t<\/a>\n\t\t\t\t<\/div>\n\n\t\t\t\t<div class=\"sow-slide-nav sow-slide-nav-prev\">\n\t\t\t\t\t<a href=\"#\" data-goto=\"previous\" aria-label=\"Previous slide\" data-action=\"prev\">\n\t\t\t\t\t\t<em class=\"sow-sld-icon-medium-left\"><\/em>\n\t\t\t\t\t<\/a>\n\t\t\t\t<\/div>\n\t\t\t\t<\/div><\/div><\/div><\/div><div id=\"panel-5628-2-1-1\" class=\"so-panel widget widget_sow-editor\" data-index=\"5\" ><div class=\"panel-widget-style panel-widget-style-for-5628-2-1-1\" ><div\n\t\t\t\n\t\t\tclass=\"so-widget-sow-editor so-widget-sow-editor-base\"\n\t\t\t\n\t\t>\n<div class=\"siteorigin-widget-tinymce textwidget\">\n\t<div class=\"sm-text-wrapper\">\n<div class=\"sm-text SJe1WUWBl\">\n<p><span style=\"color: #000000;\"><strong>DELUXE ZIMMER MIT LANDBLICK<\/strong><\/span><\/p>\n<div class=\"room-detail-hotel-name\">Deluxe Stadtblick<\/div>\n<div class=\"room-desc\">Deluxe Zimmer mit Meerblick (Dieses Zimmer verf\u00fcgt \u00fcber ein Kingsize-Bett).<\/div>\n<div class=\"room-desc\">Dieser Raum <strong>33<\/strong> qm<\/div>\n<div><a href=\"https:\/\/primeotel.com\/de\/rooms\/deluxe-oda\/\">Mehr Informationen<\/a><\/div>\n<\/div>\n<\/div>\n<p>&nbsp;<\/p>\n<p>&nbsp;<\/p>\n<\/div>\n<\/div><\/div><\/div><div id=\"panel-5628-2-1-2\" class=\"so-panel widget widget_sow-button panel-last-child\" data-index=\"6\" ><div\n\t\t\t\n\t\t\tclass=\"so-widget-sow-button so-widget-sow-button-flat-0cfdc79e04a2-5628\"\n\t\t\t\n\t\t><div class=\"ow-button-base ow-button-align-center\"\n>\n\t\t\t<a\n\t\t\t\t\thref=\"https:\/\/primeotel.com\/de\/rezervasyon\/\"\n\t\t\t\t\tclass=\"sowb-button ow-icon-placement-left ow-button-hover\" \t>\n\t\t<span>\n\t\t\t\n\t\t\tRESERVIERUNG\t\t<\/span>\n\t\t\t<\/a>\n\t<\/div>\n<\/div><\/div><\/div><\/div><\/div><div id=\"pg-5628-3\"  class=\"panel-grid panel-has-style\" ><div class=\"siteorigin-panels-stretch panel-row-style panel-row-style-for-5628-3\" data-stretch-type=\"full\" ><div id=\"pgc-5628-3-0\"  class=\"panel-grid-cell panel-grid-cell-empty\" ><\/div><\/div><\/div><div id=\"pg-5628-4\"  class=\"panel-grid panel-has-style\" ><div class=\"siteorigin-panels-stretch panel-row-style panel-row-style-for-5628-4\" data-stretch-type=\"full\" ><div id=\"pgc-5628-4-0\"  class=\"panel-grid-cell panel-grid-cell-empty panel-grid-cell-mobile-last\" ><\/div><div id=\"pgc-5628-4-1\"  class=\"panel-grid-cell panel-grid-cell-empty\" ><\/div><\/div><\/div><div id=\"pg-5628-5\"  class=\"panel-grid panel-no-style\" ><div id=\"pgc-5628-5-0\"  class=\"panel-grid-cell\" ><div id=\"panel-5628-5-0-0\" class=\"so-panel widget widget_heading panel-first-child\" data-index=\"7\" ><div class=\"thim-widget-heading thim-widget-heading-base template-base\"><div class=\"sc-heading article_heading\"><h3 style=\"color:#ffffff;\" class=\"heading__primary\"><\/h3><\/div><\/div><\/div><div id=\"panel-5628-5-0-1\" class=\"so-panel widget panel-last-child\" data-index=\"8\" ><\/div><\/div><\/div><\/div>","protected":false},"excerpt":{"rendered":"<p>DELUXE DEN\u0130Z &#038; \u015eEH\u0130R MANZARALI\t\t\t\t<\/p>\n<p>\nDELUXE MEERBLICK<br \/>\nMeerblick<br \/>\nMeer\u00a0 Room<br \/>\n(Dieses Zimmer verf\u00fcgt \u00fcber ein Kingsize-Bett).<br \/>\nBu oda 33 m2 &#8216;dir.<br \/>\nMehr Informationen<br \n<\/p>","protected":false},"author":1,"featured_media":0,"parent":0,"menu_order":0,"comment_status":"closed","ping_status":"closed","template":"page-templates\/homepage.php","meta":{"footnotes":""},"class_list":["post-5628","page","type-page","status-publish","hentry"],"_links":{"self":[{"href":"https:\/\/primeotel.com\/de\/wp-json\/wp\/v2\/pages\/5628","targetHints":{"allow":["GET"]}}],"collection":[{"href":"https:\/\/primeotel.com\/de\/wp-json\/wp\/v2\/pages"}],"about":[{"href":"https:\/\/primeotel.com\/de\/wp-json\/wp\/v2\/types\/page"}],"author":[{"embeddable":true,"href":"https:\/\/primeotel.com\/de\/wp-json\/wp\/v2\/users\/1"}],"replies":[{"embeddable":true,"href":"https:\/\/primeotel.com\/de\/wp-json\/wp\/v2\/comments?post=5628"}],"version-history":[{"count":6,"href":"https:\/\/primeotel.com\/de\/wp-json\/wp\/v2\/pages\/5628\/revisions"}],"predecessor-version":[{"id":5635,"href":"https:\/\/primeotel.com\/de\/wp-json\/wp\/v2\/pages\/5628\/revisions\/5635"}],"wp:attachment":[{"href":"https:\/\/primeotel.com\/de\/wp-json\/wp\/v2\/media?parent=5628"}],"curies":[{"name":"wp","href":"https:\/\/api.w.org\/{rel}","templated":true}]}}