{"id":2545,"date":"2015-10-13T02:28:24","date_gmt":"2015-10-13T02:28:24","guid":{"rendered":"http:\/\/demo.thimpress.com\/sailing\/?page_id=2545"},"modified":"2025-01-26T16:38:26","modified_gmt":"2025-01-26T13:38:26","slug":"rezervasyon","status":"publish","type":"page","link":"https:\/\/primeotel.com\/de\/rezervasyon\/","title":{"rendered":"Reservierung"},"content":{"rendered":"<div id=\"pl-2545\"  class=\"panel-layout\" ><div id=\"pg-2545-0\"  class=\"panel-grid panel-has-style\" ><div class=\"thim-booking-search-home-3 siteorigin-panels-stretch panel-row-style panel-row-style-for-2545-0\" data-stretch-type=\"full\" ><div id=\"pgc-2545-0-0\"  class=\"panel-grid-cell\" ><div id=\"panel-2545-0-0-0\" class=\"widget_text so-panel widget widget_custom_html panel-first-child panel-last-child\" data-index=\"0\" ><div class=\"textwidget custom-html-widget\"><script>\nvar grouphotels = false;\nvar widgeturl = \"https:\/\/h25062.rezervasyonal.com\/\";\nvar defaultadultcount = 2; \/\/ Default Yeti\u015fkin Say\u0131s\u0131\nvar maxchild = 3; \/\/ Maximum \u00c7ocuk Say\u0131s\u0131\nvar maxchildage = [0, 12]; \/\/ya\u015f aral\u0131\u011f\u0131. var maxchildage = 8; ya\u015f aral\u0131\u011f\u0131 0 - 8 ya\u015f aras\u0131 olacakt\u0131r. \nvar maxadult = 4; \/\/ Maximum Yeti\u015fkin Say\u0131s\u0131\nvar mainWidget = true;\nvar exitWidget = false;\nvar currency = \"EUR\"; \/\/ Para Birimi \nvar lang = \"tr\"; \/\/ \"tr\" veya \"en\"\n<\/script>\n<script src=\"https:\/\/www.rezervasyonal.com\/widget\/widgetbar\/assets\/widget.js\"><\/script>\n<div id=\"elektraweb-widget-area\"><\/div>\n<script src=\"https:\/\/www.rezervasyonal.com\/widget\/widgetbar\/assets\/widget.js\"><\/script>\n<div id=\"elektraweb-widget-area\"><\/div><\/div><\/div><\/div><\/div><\/div><\/div>","protected":false},"excerpt":{"rendered":"<p>\nvar grouphotels = false;<br \/>\nvar widgeturl = &#8220;https:\/\/h25062.rezervasyonal.com\/&#8221;;<br \/>\nvar defaultadultcount = 2; \/\/ Default Yeti\u015fkin Say\u0131s\u0131<br \/>\nvar maxchild = 3; \/\/ Maximum \u00c7ocuk Say\u0131s\u0131<br \/>\nvar maxchildage = [0, 12]; \/\/ya\u015f aral\u0131\u011f\u0131. var maxchildage = 8; ya\u015f aral\u0131\u011f\u0131 0 &#8211; 8 ya\u015f aras\u0131 olacakt\u0131r. <br \/>\nvar maxadult = 4; \/\/ Maximum Yeti\u015fkin Say\u0131s\u0131<br \/>\nvar mainWidget <\/p>\n","protected":false},"author":1,"featured_media":0,"parent":0,"menu_order":0,"comment_status":"closed","ping_status":"closed","template":"page-templates\/homepagenew.php","meta":{"footnotes":""},"class_list":["post-2545","page","type-page","status-publish","hentry"],"_links":{"self":[{"href":"https:\/\/primeotel.com\/de\/wp-json\/wp\/v2\/pages\/2545","targetHints":{"allow":["GET"]}}],"collection":[{"href":"https:\/\/primeotel.com\/de\/wp-json\/wp\/v2\/pages"}],"about":[{"href":"https:\/\/primeotel.com\/de\/wp-json\/wp\/v2\/types\/page"}],"author":[{"embeddable":true,"href":"https:\/\/primeotel.com\/de\/wp-json\/wp\/v2\/users\/1"}],"replies":[{"embeddable":true,"href":"https:\/\/primeotel.com\/de\/wp-json\/wp\/v2\/comments?post=2545"}],"version-history":[{"count":56,"href":"https:\/\/primeotel.com\/de\/wp-json\/wp\/v2\/pages\/2545\/revisions"}],"predecessor-version":[{"id":5618,"href":"https:\/\/primeotel.com\/de\/wp-json\/wp\/v2\/pages\/2545\/revisions\/5618"}],"wp:attachment":[{"href":"https:\/\/primeotel.com\/de\/wp-json\/wp\/v2\/media?parent=2545"}],"curies":[{"name":"wp","href":"https:\/\/api.w.org\/{rel}","templated":true}]}}