{"id":1904,"date":"2015-07-06T08:26:09","date_gmt":"2015-07-06T08:26:09","guid":{"rendered":"http:\/\/demo.thimpress.com\/resca\/?page_id=5"},"modified":"2021-02-06T00:52:38","modified_gmt":"2021-02-05T21:52:38","slug":"hakkimizda","status":"publish","type":"page","link":"https:\/\/primeotel.com\/de\/hakkimizda\/","title":{"rendered":"\u00dcber uns"},"content":{"rendered":"<div id=\"pl-1904\"  class=\"panel-layout\" ><div id=\"pg-1904-0\"  class=\"panel-grid panel-no-style\" ><div id=\"pgc-1904-0-0\"  class=\"panel-grid-cell\" ><div id=\"panel-1904-0-0-0\" class=\"so-panel widget widget_icon-box panel-first-child panel-last-child\" data-index=\"0\" ><div class=\"panel-widget-style panel-widget-style-for-1904-0-0-0\" ><div class=\"thim-widget-icon-box thim-widget-icon-box-base template-base\"><div class=\"inner-box\"><div style=\"background-image:url()\" class=\"wrapper-box-icon text-center   wrapper-line-heading\" ><div class=\"smicon-box iconbox-top\"><div class=\"content-inner\" ><div class=\"sc-heading article_heading\"><h3 class = \"heading__primary\" >Standart\u0131m\u0131z<\/h3><span class=\"line-heading\"><span><\/span><\/span><\/div><div class=\"desc-icon-box\"><div >Prime otel \u015fehir merkezinde en kaliteli hizmeti siz de\u011ferli misafirlerimize vermek i\u00e7in \u015fehir i\u00e7i 5 y\u0131ld\u0131zl\u0131 otel kategorisi ile muazzam hizmet ve huzurla sizleri a\u011f\u0131rlamaktan mutluluk duyar\u0131z.<\/div><\/div><\/div><\/div><!--end smicon-box--><\/div><\/div><\/div><\/div><\/div><\/div><\/div><div id=\"pg-1904-1\"  class=\"panel-grid panel-has-style\" ><div class=\"thim-bg-overlay so-parallax siteorigin-panels-stretch article__parallax thim-fix-stretched panel-row-style panel-row-style-for-1904-1\" data-stretch-type=\"full-stretched\" ><img fetchpriority=\"high\" decoding=\"async\" width=\"674\" height=\"450\" src=\"https:\/\/primeotel.com\/wp-content\/uploads\/2018\/12\/oda_yatak.jpg\" class=\"attachment-full size-full\" alt=\"\" data-siteorigin-parallax=\"true\" loading=\"eager\" srcset=\"https:\/\/primeotel.com\/wp-content\/uploads\/2018\/12\/oda_yatak.jpg 674w, https:\/\/primeotel.com\/wp-content\/uploads\/2018\/12\/oda_yatak-300x200.jpg 300w, https:\/\/primeotel.com\/wp-content\/uploads\/2018\/12\/oda_yatak-600x401.jpg 600w, https:\/\/primeotel.com\/wp-content\/uploads\/2018\/12\/oda_yatak-272x182.jpg 272w, https:\/\/primeotel.com\/wp-content\/uploads\/2018\/12\/oda_yatak-16x12.jpg 16w\" sizes=\"(max-width: 674px) 100vw, 674px\" \/><div id=\"pgc-1904-1-0\"  class=\"panel-grid-cell\" ><div id=\"panel-1904-1-0-0\" class=\"so-panel widget widget_siteorigin-panels-builder panel-first-child panel-last-child\" data-index=\"1\" ><div id=\"pl-w5f8d976974264\"  class=\"panel-layout\" ><div id=\"pg-w5f8d976974264-0\"  class=\"panel-grid panel-has-style\" ><div class=\"panel-row-style panel-row-style-for-w5f8d976974264-0\" ><div id=\"pgc-w5f8d976974264-0-0\"  class=\"panel-grid-cell\" ><div id=\"panel-w5f8d976974264-0-0-0\" class=\"so-panel widget widget_counters-box panel-first-child panel-last-child\" data-index=\"0\" ><div class=\"thim-widget-counters-box thim-widget-counters-box-base template-base\"><div class=\"counter-box\" ><div class=\"counterbox-content\"><div class=\"content-box-percentage\"><span class=\"display-percentage\" data-percentage=\"39\">39<\/span><span class=\"counter-box-content\">Zimmer<\/span><\/div><\/div><\/div><\/div><\/div><\/div><div id=\"pgc-w5f8d976974264-0-1\"  class=\"panel-grid-cell\" ><div id=\"panel-w5f8d976974264-0-1-0\" class=\"so-panel widget widget_counters-box panel-first-child panel-last-child\" data-index=\"1\" ><div class=\"thim-widget-counters-box thim-widget-counters-box-base template-base\"><div class=\"counter-box\" ><div class=\"counterbox-content\"><div class=\"content-box-percentage\"><span class=\"display-percentage\" data-percentage=\"1\">1<\/span><span class=\"counter-box-content\">Freibad<\/span><\/div><\/div><\/div><\/div><\/div><\/div><div id=\"pgc-w5f8d976974264-0-2\"  class=\"panel-grid-cell\" ><div id=\"panel-w5f8d976974264-0-2-0\" class=\"so-panel widget widget_counters-box panel-first-child panel-last-child\" data-index=\"2\" ><div class=\"thim-widget-counters-box thim-widget-counters-box-base template-base\"><div class=\"counter-box\" ><div class=\"counterbox-content\"><div class=\"content-box-percentage\"><span class=\"display-percentage\" data-percentage=\"2\">2<\/span><span class=\"counter-box-content\">Bar<\/span><\/div><\/div><\/div><\/div><\/div><\/div><\/div><\/div><\/div><\/div><\/div><\/div><\/div><div id=\"pg-1904-2\"  class=\"panel-grid panel-no-style\" ><div id=\"pgc-1904-2-0\"  class=\"panel-grid-cell\" ><div id=\"panel-1904-2-0-0\" class=\"so-panel widget widget_icon-box panel-first-child\" data-index=\"2\" ><div class=\"thim-widget-icon-box thim-widget-icon-box-base template-base\"><div class=\"inner-box\"><div style=\"background-image:url()\" class=\"wrapper-box-icon text-center   wrapper-line-heading\" ><div class=\"smicon-box iconbox-top\"><div class=\"content-inner\" ><\/div><\/div><!--end smicon-box--><\/div><\/div><\/div><\/div><div id=\"panel-1904-2-0-1\" class=\"so-panel widget widget_list-html panel-last-child\" data-index=\"3\" ><div class=\"panel-widget-style panel-widget-style-for-1904-2-0-1\" ><div class=\"thim-widget-list-html thim-widget-list-html-base template-base\"><div class=\"list-html-content\"><div class=\"row\"><div class=\"col-sm-6\"><div class=\"item-content\"><div class=\"title-list\"><h5>1. Enfes Bir Manzara <\/h5><\/div><div class=\"desc-list\">Prime Hotel bulunmu\u015f oldu\u011fu konum itibari ile Antalya'n\u0131n en g\u00f6zde deni manzaralar\u0131ndan bir tanesini sunmaktad\u0131r.<\/div><\/div><\/div><div class=\"col-sm-6\"><div class=\"item-content\"><div class=\"title-list\"><h5>2. A\u00e7\u0131k Havuz <\/h5><\/div><div class=\"desc-list\">Yorgunlu\u011funu ve g\u00fcn\u00fcn stresini almak ad\u0131na y\u00fczme ihtiyac\u0131n\u0131z\u0131kar\u015f\u0131layacak hijyenik a\u00e7\u0131khavuz g\u00fcn\u00fcn yorgunlu\u011funu, stresiniatmak istediniz. \u0130\u015fte o anda Prime Hotel i\u00e7erisinde yer alan a\u00e7\u0131k y\u00fczme havuzumuzsizlee bu noktada tatmin edecektir.<\/div><\/div><\/div><\/div><div class=\"row\"><div class=\"col-sm-6\"><div class=\"item-content\"><div class=\"title-list\"><h5>3. Restaurant\u0131m\u0131z <\/h5><\/div><div class=\"desc-list\">M\u00fcthi\u015f ve farkl\u0131 damak tad\u0131 sunan Restaurant\u0131m\u0131z Siz de\u011ferli m\u00fc\u015fterilerimiz i\u00e7in her daim en do\u011fru an. Kaliteli hizmeti sunmak ve e\u015fsiz bir manzara e\u015fli\u011finde yeme\u011finizi yemeniz ad\u0131na restaurant\u0131m\u0131z eminizki sizlere bekledi\u011finizden\u00e7ok daha fazlas\u0131n\u0131 sunacakt\u0131r. <\/div><\/div><\/div><div class=\"col-sm-6\"><div class=\"item-content\"><div class=\"title-list\"><h5>4. Toplant\u0131 Salonu <\/h5><\/div><div class=\"desc-list\">Prime hotel gerek \u015firket, gerek Kurumsal etkinlikleriniz i\u00e7in son teknoloji ile donat\u0131lm\u0131\u015f geni\u015f bir toplant\u0131 salonu sunmaktad\u0131r.<\/div><\/div><\/div><\/div><span class=\"line-center\"><\/span><\/div><\/div><\/div><\/div><\/div><\/div><\/div>","protected":false},"excerpt":{"rendered":"<p>Standart\u0131m\u0131zPrime otel \u015fehir merkezinde en kaliteli hizmeti siz de\u011ferli misafirlerimize vermek i\u00e7in \u015fehir i\u00e7i 5 y\u0131ld\u0131zl\u0131 otel kategorisi ile muazzam hizmet ve huzurla sizleri a\u011f\u0131rlamaktan mutluluk duyar\u0131z.39Oda1Havuz2Bar1. Enfes Bir Manzara Prime Hotel bulunmu\u015f oldu\u011fu konum itibari ile Antalya&#8217;n\u0131n en g\u00f6zde deni manzaralar\u0131ndan bir tanesini sunmaktad\u0131r.2. A\u00e7\u0131k Havuz Yorgunlu\u011funu ve g\u00fcn\u00fcn stresini almak ad\u0131na y\u00fczme ihtiyac\u0131n\u0131z\u0131kar\u015f\u0131layacak <\/p>","protected":false},"author":1,"featured_media":0,"parent":0,"menu_order":0,"comment_status":"closed","ping_status":"closed","template":"","meta":{"footnotes":""},"class_list":["post-1904","page","type-page","status-publish","hentry"],"_links":{"self":[{"href":"https:\/\/primeotel.com\/de\/wp-json\/wp\/v2\/pages\/1904","targetHints":{"allow":["GET"]}}],"collection":[{"href":"https:\/\/primeotel.com\/de\/wp-json\/wp\/v2\/pages"}],"about":[{"href":"https:\/\/primeotel.com\/de\/wp-json\/wp\/v2\/types\/page"}],"author":[{"embeddable":true,"href":"https:\/\/primeotel.com\/de\/wp-json\/wp\/v2\/users\/1"}],"replies":[{"embeddable":true,"href":"https:\/\/primeotel.com\/de\/wp-json\/wp\/v2\/comments?post=1904"}],"version-history":[{"count":29,"href":"https:\/\/primeotel.com\/de\/wp-json\/wp\/v2\/pages\/1904\/revisions"}],"predecessor-version":[{"id":4469,"href":"https:\/\/primeotel.com\/de\/wp-json\/wp\/v2\/pages\/1904\/revisions\/4469"}],"wp:attachment":[{"href":"https:\/\/primeotel.com\/de\/wp-json\/wp\/v2\/media?parent=1904"}],"curies":[{"name":"wp","href":"https:\/\/api.w.org\/{rel}","templated":true}]}}